{"id":13524,"date":"2015-09-11T16:58:52","date_gmt":"2015-09-11T16:58:52","guid":{"rendered":"http:\/\/pavilionwc.com\/?page_id=13524"},"modified":"2021-04-20T16:13:19","modified_gmt":"2021-04-20T16:13:19","slug":"the-relationship-quiz","status":"publish","type":"page","link":"https:\/\/pavilionwc.com\/fr\/interest-inspiration\/the-relationship-quiz\/","title":{"rendered":"Questionnaire sur la relation"},"content":{"rendered":"<h3>\n\t\tCliquez sur la r\u00e9ponse qui s\u2019applique et voyez les r\u00e9sultats \u00e0 la fin du questionnaire :\n\t<\/h3>\n\t<form><input name=\"formID\" type=\"hidden\" value=\"50054440062239\"><p><\/p>\n<table summary=\"\" cellspacing=\"0\" cellpadding=\"4\">\n<tbody>\n<tr>\n<th><\/th>\n<th>Oui<\/th>\n<th>Non<\/th>\n<th>Parfois<\/th>\n<\/tr>\n<tr>\n<th align=\"left\">1. Votre conjoint vous demande-t-il o\u00f9 vous allez?<\/th>\n<td align=\"center\"><input id=\"input_5_0_0\" name=\"q5_clickOn[0]\" type=\"radio\" value=\"Yes\" data-value=\"1\"><\/td>\n<td align=\"center\"><input id=\"input_5_0_1\" name=\"q5_clickOn[0]\" type=\"radio\" value=\"No\"><\/td>\n<td align=\"center\"><input id=\"input_5_0_2\" name=\"q5_clickOn[0]\" type=\"radio\" value=\"Sometimes\"><\/td>\n<\/tr>\n<tr>\n<th align=\"left\">2. Qui vous voyez?<\/th>\n<td align=\"center\"><input id=\"input_5_1_0\" name=\"q5_clickOn[1]\" type=\"radio\" value=\"Yes\" data-value=\"1\"><\/td>\n<td align=\"center\"><input id=\"input_5_1_1\" name=\"q5_clickOn[1]\" type=\"radio\" value=\"No\"><\/td>\n<td align=\"center\"><input id=\"input_5_1_2\" name=\"q5_clickOn[1]\" type=\"radio\" value=\"Sometimes\"><\/td>\n<\/tr>\n<tr>\n<th align=\"left\">3. \u00c0 qui vous parlez?<\/th>\n<td align=\"center\"><input id=\"input_5_2_0\" name=\"q5_clickOn[2]\" type=\"radio\" value=\"Yes\" data-value=\"1\"><\/td>\n<td align=\"center\"><input id=\"input_5_2_1\" name=\"q5_clickOn[2]\" type=\"radio\" value=\"No\"><\/td>\n<td align=\"center\"><input id=\"input_5_2_2\" name=\"q5_clickOn[2]\" type=\"radio\" value=\"Sometimes\"><\/td>\n<\/tr>\n<tr>\n<th align=\"left\">4. Ce que vous faites?<\/th>\n<td align=\"center\"><input id=\"input_5_3_0\" name=\"q5_clickOn[3]\" type=\"radio\" value=\"Yes\" data-value=\"1\"><\/td>\n<td align=\"center\"><input id=\"input_5_3_1\" name=\"q5_clickOn[3]\" type=\"radio\" value=\"No\"><\/td>\n<td align=\"center\"><input id=\"input_5_3_2\" name=\"q5_clickOn[3]\" type=\"radio\" value=\"Sometimes\"><\/td>\n<\/tr>\n<tr>\n<th align=\"left\">5. Vous rabaisse-t-il?<\/th>\n<td align=\"center\"><input id=\"input_5_4_0\" name=\"q5_clickOn[4]\" type=\"radio\" value=\"Yes\" data-value=\"1\"><\/td>\n<td align=\"center\"><input id=\"input_5_4_1\" name=\"q5_clickOn[4]\" type=\"radio\" value=\"No\"><\/td>\n<td align=\"center\"><input id=\"input_5_4_2\" name=\"q5_clickOn[4]\" type=\"radio\" value=\"Sometimes\"><\/td>\n<\/tr>\n<tr>\n<th align=\"left\">6. Joue-t-il avec vos sentiments?<\/th>\n<td align=\"center\"><input id=\"input_5_5_0\" name=\"q5_clickOn[5]\" type=\"radio\" value=\"Yes\" data-value=\"1\"><\/td>\n<td align=\"center\"><input id=\"input_5_5_1\" name=\"q5_clickOn[5]\" type=\"radio\" value=\"No\"><\/td>\n<td align=\"center\"><input id=\"input_5_5_2\" name=\"q5_clickOn[5]\" type=\"radio\" value=\"Sometimes\"><\/td>\n<\/tr>\n<tr>\n<th align=\"left\">7. Vous insulte-t-il?<\/th>\n<td align=\"center\"><input id=\"input_5_6_0\" name=\"q5_clickOn[6]\" type=\"radio\" value=\"Yes\" data-value=\"1\"><\/td>\n<td align=\"center\"><input id=\"input_5_6_1\" name=\"q5_clickOn[6]\" type=\"radio\" value=\"No\"><\/td>\n<td align=\"center\"><input id=\"input_5_6_2\" name=\"q5_clickOn[6]\" type=\"radio\" value=\"Sometimes\"><\/td>\n<\/tr>\n<tr>\n<th align=\"left\">8. Fait-il tout ce qu\u2019il peut pour que vous soyez mal \u00e0 l\u2019aise?<\/th>\n<td align=\"center\"><input id=\"input_5_7_0\" name=\"q5_clickOn[7]\" type=\"radio\" value=\"Yes\" data-value=\"1\"><\/td>\n<td align=\"center\"><input id=\"input_5_7_1\" name=\"q5_clickOn[7]\" type=\"radio\" value=\"No\"><\/td>\n<td align=\"center\"><input id=\"input_5_7_2\" name=\"q5_clickOn[7]\" type=\"radio\" value=\"Sometimes\"><\/td>\n<\/tr>\n<tr>\n<th align=\"left\">9. Vous emp\u00eache-t-il de travailler?<\/th>\n<td align=\"center\"><input id=\"input_5_8_0\" name=\"q5_clickOn[8]\" type=\"radio\" value=\"Yes\" data-value=\"1\"><\/td>\n<td align=\"center\"><input id=\"input_5_8_1\" name=\"q5_clickOn[8]\" type=\"radio\" value=\"No\"><\/td>\n<td align=\"center\"><input id=\"input_5_8_2\" name=\"q5_clickOn[8]\" type=\"radio\" value=\"Sometimes\"><\/td>\n<\/tr>\n<tr>\n<th align=\"left\">10. Vous donne-t-il une allocation?<\/th>\n<td align=\"center\"><input id=\"input_5_9_0\" name=\"q5_clickOn[9]\" type=\"radio\" value=\"Yes\" data-value=\"1\"><\/td>\n<td align=\"center\"><input id=\"input_5_9_1\" name=\"q5_clickOn[9]\" type=\"radio\" value=\"No\"><\/td>\n<td align=\"center\"><input id=\"input_5_9_2\" name=\"q5_clickOn[9]\" type=\"radio\" value=\"Sometimes\"><\/td>\n<\/tr>\n<tr>\n<th align=\"left\">11. Est-ce qu\u2019il prend votre argent?<\/th>\n<td align=\"center\"><input id=\"input_5_10_0\" name=\"q5_clickOn[10]\" type=\"radio\" value=\"Yes\" data-value=\"1\"><\/td>\n<td align=\"center\"><input id=\"input_5_10_1\" name=\"q5_clickOn[10]\" type=\"radio\" value=\"No\"><\/td>\n<td align=\"center\"><input id=\"input_5_10_2\" name=\"q5_clickOn[10]\" type=\"radio\" value=\"Sometimes\"><\/td>\n<\/tr>\n<tr>\n<th align=\"left\">12. Critique-t-il vos d\u00e9penses?<\/th>\n<td align=\"center\"><input id=\"input_5_11_0\" name=\"q5_clickOn[11]\" type=\"radio\" value=\"Yes\" data-value=\"1\"><\/td>\n<td align=\"center\"><input id=\"input_5_11_1\" name=\"q5_clickOn[11]\" type=\"radio\" value=\"No\"><\/td>\n<td align=\"center\"><input id=\"input_5_11_2\" name=\"q5_clickOn[11]\" type=\"radio\" value=\"Sometimes\"><\/td>\n<\/tr>\n<tr>\n<th align=\"left\">13. Vous intimide-t-il?<\/th>\n<td align=\"center\"><input id=\"input_5_12_0\" name=\"q5_clickOn[12]\" type=\"radio\" value=\"Yes\" data-value=\"1\"><\/td>\n<td align=\"center\"><input id=\"input_5_12_1\" name=\"q5_clickOn[12]\" type=\"radio\" value=\"No\"><\/td>\n<td align=\"center\"><input id=\"input_5_12_2\" name=\"q5_clickOn[12]\" type=\"radio\" value=\"Sometimes\"><\/td>\n<\/tr>\n<tr>\n<th align=\"left\">14. Brise-t-il vos choses?<\/th>\n<td align=\"center\"><input id=\"input_5_13_0\" name=\"q5_clickOn[13]\" type=\"radio\" value=\"Yes\" data-value=\"1\"><\/td>\n<td align=\"center\"><input id=\"input_5_13_1\" name=\"q5_clickOn[13]\" type=\"radio\" value=\"No\"><\/td>\n<td align=\"center\"><input id=\"input_5_13_2\" name=\"q5_clickOn[13]\" type=\"radio\" value=\"Sometimes\"><\/td>\n<\/tr>\n<tr>\n<th align=\"left\">15. Menace-t-il de vous quitter?<\/th>\n<td align=\"center\"><input id=\"input_5_14_0\" name=\"q5_clickOn[14]\" type=\"radio\" value=\"Yes\" data-value=\"1\"><\/td>\n<td align=\"center\"><input id=\"input_5_14_1\" name=\"q5_clickOn[14]\" type=\"radio\" value=\"No\"><\/td>\n<td align=\"center\"><input id=\"input_5_14_2\" name=\"q5_clickOn[14]\" type=\"radio\" value=\"Sometimes\"><\/td>\n<\/tr>\n<tr>\n<th align=\"left\">16. Menace-t-il de se suicider si vous le quittez?<\/th>\n<td align=\"center\"><input id=\"input_5_15_0\" name=\"q5_clickOn[15]\" type=\"radio\" value=\"Yes\" data-value=\"1\"><\/td>\n<td align=\"center\"><input id=\"input_5_15_1\" name=\"q5_clickOn[15]\" type=\"radio\" value=\"No\"><\/td>\n<td align=\"center\"><input id=\"input_5_15_2\" name=\"q5_clickOn[15]\" type=\"radio\" value=\"Sometimes\"><\/td>\n<\/tr>\n<tr>\n<th align=\"left\">17. Prend-t-il toutes les d\u00e9cisions importantes?<\/th>\n<td align=\"center\"><input id=\"input_5_16_0\" name=\"q5_clickOn[16]\" type=\"radio\" value=\"Yes\" data-value=\"1\"><\/td>\n<td align=\"center\"><input id=\"input_5_16_1\" name=\"q5_clickOn[16]\" type=\"radio\" value=\"No\"><\/td>\n<td align=\"center\"><input id=\"input_5_16_2\" name=\"q5_clickOn[16]\" type=\"radio\" value=\"Sometimes\"><\/td>\n<\/tr>\n<tr>\n<th align=\"left\">18. Vous traite-t-il comme une servante?<\/th>\n<td align=\"center\"><input id=\"input_5_17_0\" name=\"q5_clickOn[17]\" type=\"radio\" value=\"Yes\" data-value=\"1\"><\/td>\n<td align=\"center\"><input id=\"input_5_17_1\" name=\"q5_clickOn[17]\" type=\"radio\" value=\"No\"><\/td>\n<td align=\"center\"><input id=\"input_5_17_2\" name=\"q5_clickOn[17]\" type=\"radio\" value=\"Sometimes\"><\/td>\n<\/tr>\n<tr>\n<th align=\"left\">19. Minimise-t-il votre travail?<\/th>\n<td align=\"center\"><input id=\"input_5_18_0\" name=\"q5_clickOn[18]\" type=\"radio\" value=\"Yes\" data-value=\"1\"><\/td>\n<td align=\"center\"><input id=\"input_5_18_1\" name=\"q5_clickOn[18]\" type=\"radio\" value=\"No\"><\/td>\n<td align=\"center\"><input id=\"input_5_18_2\" name=\"q5_clickOn[18]\" type=\"radio\" value=\"Sometimes\"><\/td>\n<\/tr>\n<tr>\n<th align=\"left\">20. Vous donne-t-il l\u2019impression que vous ne valez rien?<\/th>\n<td align=\"center\"><input id=\"input_5_19_0\" name=\"q5_clickOn[19]\" type=\"radio\" value=\"Yes\" data-value=\"1\"><\/td>\n<td align=\"center\"><input id=\"input_5_19_1\" name=\"q5_clickOn[19]\" type=\"radio\" value=\"No\"><\/td>\n<td align=\"center\"><input id=\"input_5_19_2\" name=\"q5_clickOn[19]\" type=\"radio\" value=\"Sometimes\"><\/td>\n<\/tr>\n<tr>\n<th align=\"left\">21. Vous frappe-t-il?<\/th>\n<td align=\"center\"><input id=\"input_5_20_0\" name=\"q5_clickOn[20]\" type=\"radio\" value=\"Yes\" data-value=\"1\"><\/td>\n<td align=\"center\"><input id=\"input_5_20_1\" name=\"q5_clickOn[20]\" type=\"radio\" value=\"No\"><\/td>\n<td align=\"center\"><input id=\"input_5_20_2\" name=\"q5_clickOn[20]\" type=\"radio\" value=\"Sometimes\"><\/td>\n<\/tr>\n<tr>\n<th align=\"left\">22. Est-ce qu\u2019il vous pousse ou vous bouscule?<\/th>\n<td align=\"center\"><input id=\"input_5_21_0\" name=\"q5_clickOn[21]\" type=\"radio\" value=\"Yes\" data-value=\"1\"><\/td>\n<td align=\"center\"><input id=\"input_5_21_1\" name=\"q5_clickOn[21]\" type=\"radio\" value=\"No\"><\/td>\n<td align=\"center\"><input id=\"input_5_21_2\" name=\"q5_clickOn[21]\" type=\"radio\" value=\"Sometimes\"><\/td>\n<\/tr>\n<tr>\n<th align=\"left\">23. Menace-t-il de vous blesser?<\/th>\n<td align=\"center\"><input id=\"input_5_22_0\" name=\"q5_clickOn[22]\" type=\"radio\" value=\"Yes\" data-value=\"1\"><\/td>\n<td align=\"center\"><input id=\"input_5_22_1\" name=\"q5_clickOn[22]\" type=\"radio\" value=\"No\"><\/td>\n<td align=\"center\"><input id=\"input_5_22_2\" name=\"q5_clickOn[22]\" type=\"radio\" value=\"Sometimes\"><\/td>\n<\/tr>\n<tr>\n<th align=\"left\">24. Se met-il souvent en col\u00e8re contre vous?<\/th>\n<td align=\"center\"><input id=\"input_5_23_0\" name=\"q5_clickOn[23]\" type=\"radio\" value=\"Yes\" data-value=\"1\"><\/td>\n<td align=\"center\"><input id=\"input_5_23_1\" name=\"q5_clickOn[23]\" type=\"radio\" value=\"No\"><\/td>\n<td align=\"center\"><input id=\"input_5_23_2\" name=\"q5_clickOn[23]\" type=\"radio\" value=\"Sometimes\"><\/td>\n<\/tr>\n<tr>\n<th align=\"left\">25. Vous oblige-t-il \u00e0 faire des gestes sexuels contre votre gr\u00e9?<\/th>\n<td align=\"center\"><input id=\"input_5_24_0\" name=\"q5_clickOn[24]\" type=\"radio\" value=\"Yes\" data-value=\"1\"><\/td>\n<td align=\"center\"><input id=\"input_5_24_1\" name=\"q5_clickOn[24]\" type=\"radio\" value=\"No\"><\/td>\n<td align=\"center\"><input id=\"input_5_24_2\" name=\"q5_clickOn[24]\" type=\"radio\" value=\"Sometimes\"><\/td>\n<\/tr>\n<tr>\n<th align=\"left\">26. Est-ce qu\u2019il rit de vos organes sexuels?<\/th>\n<td align=\"center\"><input id=\"input_5_25_0\" name=\"q5_clickOn[25]\" type=\"radio\" value=\"Yes\" data-value=\"1\"><\/td>\n<td align=\"center\"><input id=\"input_5_25_1\" name=\"q5_clickOn[25]\" type=\"radio\" value=\"No\"><\/td>\n<td align=\"center\"><input id=\"input_5_25_2\" name=\"q5_clickOn[25]\" type=\"radio\" value=\"Sometimes\"><\/td>\n<\/tr>\n<tr>\n<th align=\"left\">27. Est-ce qu\u2019il s\u2019en pr\u00e9occupe seulement pendant une relation sexuelle?<\/th>\n<td align=\"center\"><input id=\"input_5_26_0\" name=\"q5_clickOn[26]\" type=\"radio\" value=\"Yes\" data-value=\"1\"><\/td>\n<td align=\"center\"><input id=\"input_5_26_1\" name=\"q5_clickOn[26]\" type=\"radio\" value=\"No\"><\/td>\n<td align=\"center\"><input id=\"input_5_26_2\" name=\"q5_clickOn[26]\" type=\"radio\" value=\"Sometimes\"><\/td>\n<\/tr>\n<tr>\n<th align=\"left\">28. Vous traite-t-il comme un objet sexuel?<\/th>\n<td align=\"center\"><input id=\"input_5_27_0\" name=\"q5_clickOn[27]\" type=\"radio\" value=\"Yes\" data-value=\"1\"><\/td>\n<td align=\"center\"><input id=\"input_5_27_1\" name=\"q5_clickOn[27]\" type=\"radio\" value=\"No\"><\/td>\n<td align=\"center\"><input id=\"input_5_27_2\" name=\"q5_clickOn[27]\" type=\"radio\" value=\"Sometimes\"><\/td>\n<\/tr>\n<tr>\n<th align=\"left\">29. Se pr\u00e9occupe-t-il tr\u00e8s peu de votre opinion?<\/th>\n<td align=\"center\"><input id=\"input_5_28_0\" name=\"q5_clickOn[28]\" type=\"radio\" value=\"Yes\" data-value=\"1\"><\/td>\n<td align=\"center\"><input id=\"input_5_28_1\" name=\"q5_clickOn[28]\" type=\"radio\" value=\"No\"><\/td>\n<td align=\"center\"><input id=\"input_5_28_2\" name=\"q5_clickOn[28]\" type=\"radio\" value=\"Sometimes\"><\/td>\n<\/tr>\n<tr>\n<th align=\"left\">30. Vous laisse-t-il toutes les t\u00e2ches banales?<\/th>\n<td align=\"center\"><input id=\"input_5_29_0\" name=\"q5_clickOn[29]\" type=\"radio\" value=\"Yes\" data-value=\"1\"><\/td>\n<td align=\"center\"><input id=\"input_5_29_1\" name=\"q5_clickOn[29]\" type=\"radio\" value=\"No\"><\/td>\n<td align=\"center\"><input id=\"input_5_29_2\" name=\"q5_clickOn[29]\" type=\"radio\" value=\"Sometimes\"><\/td>\n<\/tr>\n<tr>\n<th align=\"left\">31. N\u00e9glige-t-il de vous soutenir quand vous le demandez?<\/th>\n<td align=\"center\"><input id=\"input_5_30_0\" name=\"q5_clickOn[30]\" type=\"radio\" value=\"Yes\" data-value=\"1\"><\/td>\n<td align=\"center\"><input id=\"input_5_30_1\" name=\"q5_clickOn[30]\" type=\"radio\" value=\"No\"><\/td>\n<td align=\"center\"><input id=\"input_5_30_2\" name=\"q5_clickOn[30]\" type=\"radio\" value=\"Sometimes\"><\/td>\n<\/tr>\n<tr>\n<th align=\"left\">32. Passe-t-il beaucoup de temps sans vous?<\/th>\n<td align=\"center\"><input id=\"input_5_31_0\" name=\"q5_clickOn[31]\" type=\"radio\" value=\"Yes\" data-value=\"1\"><\/td>\n<td align=\"center\"><input id=\"input_5_31_1\" name=\"q5_clickOn[31]\" type=\"radio\" value=\"No\"><\/td>\n<td align=\"center\"><input id=\"input_5_31_2\" name=\"q5_clickOn[31]\" type=\"radio\" value=\"Sometimes\"><\/td>\n<\/tr>\n<tr>\n<th align=\"left\">33. Ne parle jamais de ses \u00e9motions?<\/th>\n<td align=\"center\"><input id=\"input_5_32_0\" name=\"q5_clickOn[32]\" type=\"radio\" value=\"Yes\" data-value=\"1\"><\/td>\n<td align=\"center\"><input id=\"input_5_32_1\" name=\"q5_clickOn[32]\" type=\"radio\" value=\"No\"><\/td>\n<td align=\"center\"><input id=\"input_5_32_2\" name=\"q5_clickOn[32]\" type=\"radio\" value=\"Sometimes\"><\/td>\n<\/tr>\n<tr>\n<th align=\"left\">34. Vous laisse-t-il en dehors des conversations sur des sujets importants?<\/th>\n<td align=\"center\"><input id=\"input_5_33_0\" name=\"q5_clickOn[33]\" type=\"radio\" value=\"Yes\" data-value=\"1\"><\/td>\n<td align=\"center\"><input id=\"input_5_33_1\" name=\"q5_clickOn[33]\" type=\"radio\" value=\"No\"><\/td>\n<td align=\"center\"><input id=\"input_5_33_2\" name=\"q5_clickOn[33]\" type=\"radio\" value=\"Sometimes\"><\/td>\n<\/tr>\n<tr>\n<th align=\"left\">35. Aime-t-il mieux \u00eatre avec ses amis qu\u2019avec vous?<\/th>\n<td align=\"center\"><input id=\"input_5_34_0\" name=\"q5_clickOn[34]\" type=\"radio\" value=\"Yes\" data-value=\"1\"><\/td>\n<td align=\"center\"><input id=\"input_5_34_1\" name=\"q5_clickOn[34]\" type=\"radio\" value=\"No\"><\/td>\n<td align=\"center\"><input id=\"input_5_34_2\" name=\"q5_clickOn[34]\" type=\"radio\" value=\"Sometimes\"><\/td>\n<\/tr>\n<tr>\n<th align=\"left\">36. Devient-il jaloux quand quelqu\u2019un s\u2019occupe de vous?<\/th>\n<td align=\"center\"><input id=\"input_5_35_0\" name=\"q5_clickOn[35]\" type=\"radio\" value=\"Yes\" data-value=\"1\"><\/td>\n<td align=\"center\"><input id=\"input_5_35_1\" name=\"q5_clickOn[35]\" type=\"radio\" value=\"No\"><\/td>\n<td align=\"center\"><input id=\"input_5_35_2\" name=\"q5_clickOn[35]\" type=\"radio\" value=\"Sometimes\"><\/td>\n<\/tr>\n<tr>\n<th align=\"left\">37. Critique-t-il vos erreurs?<\/th>\n<td align=\"center\"><input id=\"input_5_36_0\" name=\"q5_clickOn[36]\" type=\"radio\" value=\"Yes\" data-value=\"1\"><\/td>\n<td align=\"center\"><input id=\"input_5_36_1\" name=\"q5_clickOn[36]\" type=\"radio\" value=\"No\"><\/td>\n<td align=\"center\"><input id=\"input_5_36_2\" name=\"q5_clickOn[36]\" type=\"radio\" value=\"Sometimes\"><\/td>\n<\/tr>\n<tr>\n<th align=\"left\">38. A-t-il des \u00e9tats d\u2019\u00e2me qui affectent votre comportement?<\/th>\n<td align=\"center\"><input id=\"input_5_37_0\" name=\"q5_clickOn[37]\" type=\"radio\" value=\"Yes\" data-value=\"1\"><\/td>\n<td align=\"center\"><input id=\"input_5_37_1\" name=\"q5_clickOn[37]\" type=\"radio\" value=\"No\"><\/td>\n<td align=\"center\"><input id=\"input_5_37_2\" name=\"q5_clickOn[37]\" type=\"radio\" value=\"Sometimes\"><\/td>\n<\/tr>\n<\/tbody>\n<\/table>\n<\/form>\n<label id=\"label_4\" for=\"input_4\">Pointage :<\/label> 0\n<h3>\n\t\tSi vous avez r\u00e9pondu oui \u00e0 plus de dix questions, vous pourriez avoir une relation malsaine.\n\t<\/h3>\n<h2>\n\t\tLes relations saines exigent\u00a0:\n\t<\/h2>\n<h3>\n\t\tObservez les comportements qui vous semblent anormaux ou qui vous rendent mal \u00e0 l\u2019aise\n\t<\/h3>\n\t<ul>\n<li>\nle respect mutuel et de la consid\u00e9ration pour les besoins de l\u2019autre\n<\/li>\n<li>\nle respect des sentiments de l\u2019autre\n<\/li>\n<li>\nle partage des t\u00e2ches m\u00e9nag\u00e8res\n<\/li>\n<li>\nle partage des soins des enfants\n<\/li>\n<li>\nle partage des d\u00e9cisions importantes\n<\/li>\n<li>\nle soutien mutuel dans les moments difficiles\n<\/li>\n<li>\nune communication ouverte et honn\u00eate\n<\/li>\n<li>\nla confiance mutuelle\n<\/li>\n<li>\nl\u2019intimit\u00e9 et la volont\u00e9 de faire des compromis\n<\/li>\n<li>\nl\u2019engagement mutuel de travailler et de grandir ensemble\n<\/li>\n<\/ul>\n<h4>Le questionnaire peut servir \u00e0 engager le dialogue avec votre conjoint ou \u00eatre un outil de prise de conscience. Ces renseignements ont \u00e9t\u00e9 recueillis par les membres du Comit\u00e9 communautaire sur la violence faite aux femmes. Le document peut \u00eatre copi\u00e9 et utilis\u00e9 par toute personne qui le d\u00e9sire.<\/h4>\n","protected":false},"excerpt":{"rendered":"<p>Cliquez sur la r\u00e9ponse qui s\u2019applique et voyez les r\u00e9sultats \u00e0 la fin du questionnaire : Oui Non Parfois 1. Votre conjoint vous demande-t-il o\u00f9 vous allez? 2. Qui vous voyez? 3. \u00c0 qui vous parlez? 4. Ce que vous faites? 5. Vous rabaisse-t-il? 6. Joue-t-il avec vos sentiments? 7. Vous insulte-t-il? 8. Fait-il tout&hellip;<\/p>\n","protected":false},"author":8,"featured_media":0,"parent":13341,"menu_order":0,"comment_status":"closed","ping_status":"closed","template":"","meta":{"footnotes":""},"class_list":["post-13524","page","type-page","status-publish","hentry"],"_links":{"self":[{"href":"https:\/\/pavilionwc.com\/fr\/wp-json\/wp\/v2\/pages\/13524","targetHints":{"allow":["GET"]}}],"collection":[{"href":"https:\/\/pavilionwc.com\/fr\/wp-json\/wp\/v2\/pages"}],"about":[{"href":"https:\/\/pavilionwc.com\/fr\/wp-json\/wp\/v2\/types\/page"}],"author":[{"embeddable":true,"href":"https:\/\/pavilionwc.com\/fr\/wp-json\/wp\/v2\/users\/8"}],"replies":[{"embeddable":true,"href":"https:\/\/pavilionwc.com\/fr\/wp-json\/wp\/v2\/comments?post=13524"}],"version-history":[{"count":0,"href":"https:\/\/pavilionwc.com\/fr\/wp-json\/wp\/v2\/pages\/13524\/revisions"}],"up":[{"embeddable":true,"href":"https:\/\/pavilionwc.com\/fr\/wp-json\/wp\/v2\/pages\/13341"}],"wp:attachment":[{"href":"https:\/\/pavilionwc.com\/fr\/wp-json\/wp\/v2\/media?parent=13524"}],"curies":[{"name":"wp","href":"https:\/\/api.w.org\/{rel}","templated":true}]}}