{"id":13405,"date":"2015-09-01T15:26:51","date_gmt":"2015-09-01T15:26:51","guid":{"rendered":"http:\/\/pavilionwc.com\/?page_id=13405"},"modified":"2015-10-02T15:43:06","modified_gmt":"2015-10-02T15:43:06","slug":"violence-envers-les-femmes-defaire-les-mythes","status":"publish","type":"page","link":"https:\/\/pavilionwc.com\/fr\/abuse-unmasked\/violence-envers-les-femmes-defaire-les-mythes\/","title":{"rendered":"Violence envers les femmes \u2013 D\u00e9faire les MYTHES"},"content":{"rendered":"<p>[fullwidth background_color=\u00a0\u00bb\u00a0\u00bb background_image=\u00a0\u00bb\u00a0\u00bb background_parallax=\u00a0\u00bbnone\u00a0\u00bb enable_mobile=\u00a0\u00bbno\u00a0\u00bb parallax_speed=\u00a0\u00bb0.3&Prime; background_repeat=\u00a0\u00bbno-repeat\u00a0\u00bb background_position=\u00a0\u00bbleft top\u00a0\u00bb video_url=\u00a0\u00bb\u00a0\u00bb video_aspect_ratio=\u00a0\u00bb16:9&Prime; video_webm=\u00a0\u00bb\u00a0\u00bb video_mp4=\u00a0\u00bb\u00a0\u00bb video_ogv=\u00a0\u00bb\u00a0\u00bb video_preview_image=\u00a0\u00bb\u00a0\u00bb overlay_color=\u00a0\u00bb\u00a0\u00bb overlay_opacity=\u00a0\u00bb0.5&Prime; video_mute=\u00a0\u00bbyes\u00a0\u00bb video_loop=\u00a0\u00bbyes\u00a0\u00bb fade=\u00a0\u00bbno\u00a0\u00bb border_size=\u00a0\u00bb0px\u00a0\u00bb border_color=\u00a0\u00bb\u00a0\u00bb border_style=\u00a0\u00bbsolid\u00a0\u00bb padding_top=\u00a0\u00bb20&Prime; padding_bottom=\u00a0\u00bb20&Prime; padding_left=\u00a0\u00bb20%\u00a0\u00bb padding_right=\u00a0\u00bb20%\u00a0\u00bb hundred_percent=\u00a0\u00bbno\u00a0\u00bb equal_height_columns=\u00a0\u00bbno\u00a0\u00bb hide_on_mobile=\u00a0\u00bbno\u00a0\u00bb menu_anchor=\u00a0\u00bb\u00a0\u00bb class=\u00a0\u00bb\u00a0\u00bb id=\u00a0\u00bb\u00a0\u00bb][flip_boxes columns=\u00a0\u00bb1&Prime; class=\u00a0\u00bb\u00a0\u00bb id=\u00a0\u00bb\u00a0\u00bb][flip_box title_front=\u00a0\u00bbMYTHE\u00a0\u00bb title_back=\u00a0\u00bbFAIT\u00a0\u00bb text_front=\u00a0\u00bbLa violence conjugale est un nouveau probl\u00e8me social\u00a0\u00bb background_color_front=\u00a0\u00bb\u00a0\u00bb title_front_color=\u00a0\u00bb\u00a0\u00bb text_front_color=\u00a0\u00bb\u00a0\u00bb background_color_back=\u00a0\u00bb\u00a0\u00bb title_back_color=\u00a0\u00bb\u00a0\u00bb text_back_color=\u00a0\u00bb\u00a0\u00bb border_size=\u00a0\u00bb1px\u00a0\u00bb border_color=\u00a0\u00bb\u00a0\u00bb border_radius=\u00a0\u00bb4px\u00a0\u00bb icon=\u00a0\u00bb\u00a0\u00bb icon_color=\u00a0\u00bb\u00a0\u00bb circle=\u00a0\u00bbyes\u00a0\u00bb circle_color=\u00a0\u00bb\u00a0\u00bb circle_border_color=\u00a0\u00bb\u00a0\u00bb icon_rotate=\u00a0\u00bb\u00a0\u00bb icon_spin=\u00a0\u00bbno\u00a0\u00bb image=\u00a0\u00bb\u00a0\u00bb image_width=\u00a0\u00bb35&Prime; image_height=\u00a0\u00bb35&Prime; animation_type=\u00a0\u00bb0&Prime; animation_direction=\u00a0\u00bbdown\u00a0\u00bb animation_speed=\u00a0\u00bb1&Prime;]La violence conjugale n\u2019est PAS nouvelle. Au Canada, ce n\u2019est qu\u2019en 1968, lorsque le gouvernement f\u00e9d\u00e9ral a adopt\u00e9 la Loi sur le divorce, que la cruaut\u00e9 physique et mentale est devenue un motif de divorce.[\/flip_box][flip_box title_front=\u00a0\u00bbMYTHE\u00a0\u00bb title_back=\u00a0\u00bbFAIT\u00a0\u00bb text_front=\u00a0\u00bbLa violence conjugale n\u2019est pas un probl\u00e8me tr\u00e8s r\u00e9pandu.\u00a0\u00bb background_color_front=\u00a0\u00bb\u00a0\u00bb title_front_color=\u00a0\u00bb\u00a0\u00bb text_front_color=\u00a0\u00bb\u00a0\u00bb background_color_back=\u00a0\u00bb\u00a0\u00bb title_back_color=\u00a0\u00bb\u00a0\u00bb text_back_color=\u00a0\u00bb\u00a0\u00bb border_size=\u00a0\u00bb1px\u00a0\u00bb border_color=\u00a0\u00bb\u00a0\u00bb border_radius=\u00a0\u00bb4px\u00a0\u00bb icon=\u00a0\u00bb\u00a0\u00bb icon_color=\u00a0\u00bb\u00a0\u00bb circle=\u00a0\u00bbyes\u00a0\u00bb circle_color=\u00a0\u00bb\u00a0\u00bb circle_border_color=\u00a0\u00bb\u00a0\u00bb icon_rotate=\u00a0\u00bb\u00a0\u00bb icon_spin=\u00a0\u00bbno\u00a0\u00bb image=\u00a0\u00bb\u00a0\u00bb image_width=\u00a0\u00bb35&Prime; image_height=\u00a0\u00bb35&Prime; animation_type=\u00a0\u00bb0&Prime; animation_direction=\u00a0\u00bbdown\u00a0\u00bb animation_speed=\u00a0\u00bb1&Prime;]Une \u00e9tude r\u00e9cente indique qu\u2019un homme canadien sur cinq, vivant avec une femme, admet avoir \u00e9t\u00e9 violent envers elle.[\/flip_box][flip_box title_front=\u00a0\u00bbMYTHE\u00a0\u00bb title_back=\u00a0\u00bbFAIT\u00a0\u00bb text_front=\u00a0\u00bbC\u2019est l\u2019alcool qui pousse les hommes \u00e0 agresser leur conjointe.\u00a0\u00bb background_color_front=\u00a0\u00bb\u00a0\u00bb title_front_color=\u00a0\u00bb\u00a0\u00bb text_front_color=\u00a0\u00bb\u00a0\u00bb background_color_back=\u00a0\u00bb\u00a0\u00bb title_back_color=\u00a0\u00bb\u00a0\u00bb text_back_color=\u00a0\u00bb\u00a0\u00bb border_size=\u00a0\u00bb1px\u00a0\u00bb border_color=\u00a0\u00bb\u00a0\u00bb border_radius=\u00a0\u00bb4px\u00a0\u00bb icon=\u00a0\u00bb\u00a0\u00bb icon_color=\u00a0\u00bb\u00a0\u00bb circle=\u00a0\u00bbyes\u00a0\u00bb circle_color=\u00a0\u00bb\u00a0\u00bb circle_border_color=\u00a0\u00bb\u00a0\u00bb icon_rotate=\u00a0\u00bb\u00a0\u00bb icon_spin=\u00a0\u00bbno\u00a0\u00bb image=\u00a0\u00bb\u00a0\u00bb image_width=\u00a0\u00bb35&Prime; image_height=\u00a0\u00bb35&Prime; animation_type=\u00a0\u00bb0&Prime; animation_direction=\u00a0\u00bbdown\u00a0\u00bb animation_speed=\u00a0\u00bb1&Prime;]L\u2019alcool peut stimuler la violence d\u2019un homme. Par contre, la vraie cause de la violence conjugale c\u2019est le d\u00e9sir de pouvoir et de contr\u00f4le de l\u2019agresseur sur sa conjointe. Les agresseurs se servent souvent de l\u2019alcool comme excuse pour \u00e9viter de prendre la responsabilit\u00e9 de leur comportement violent.[\/flip_box][flip_box title_front=\u00a0\u00bbMYTHE\u00a0\u00bb title_back=\u00a0\u00bbFAIT\u00a0\u00bb text_front=\u00a0\u00bbLes hommes sont victimes de violence de la part de leur conjointe aussi souvent que les femmes.\u00a0\u00bb background_color_front=\u00a0\u00bb\u00a0\u00bb title_front_color=\u00a0\u00bb\u00a0\u00bb text_front_color=\u00a0\u00bb\u00a0\u00bb background_color_back=\u00a0\u00bb\u00a0\u00bb title_back_color=\u00a0\u00bb\u00a0\u00bb text_back_color=\u00a0\u00bb\u00a0\u00bb border_size=\u00a0\u00bb1px\u00a0\u00bb border_color=\u00a0\u00bb\u00a0\u00bb border_radius=\u00a0\u00bb4px\u00a0\u00bb icon=\u00a0\u00bb\u00a0\u00bb icon_color=\u00a0\u00bb\u00a0\u00bb circle=\u00a0\u00bbyes\u00a0\u00bb circle_color=\u00a0\u00bb\u00a0\u00bb circle_border_color=\u00a0\u00bb\u00a0\u00bb icon_rotate=\u00a0\u00bb\u00a0\u00bb icon_spin=\u00a0\u00bbno\u00a0\u00bb image=\u00a0\u00bb\u00a0\u00bb image_width=\u00a0\u00bb35&Prime; image_height=\u00a0\u00bb35&Prime; animation_type=\u00a0\u00bb0&Prime; animation_direction=\u00a0\u00bbdown\u00a0\u00bb animation_speed=\u00a0\u00bb1&Prime;]En Ontario, plus de 92\u00a0% des accusations de violence conjugale sont d\u00e9pos\u00e9es contre des hommes. La plupart des accusations port\u00e9es contre des femmes sont des contre-accusations port\u00e9es par des conjoints violents ou sont la suite de gestes d\u2019autod\u00e9fense.[\/flip_box][flip_box title_front=\u00a0\u00bbMYTHE\u00a0\u00bb title_back=\u00a0\u00bbFAIT\u00a0\u00bb text_front=\u00a0\u00bbLes femmes provoquent souvent la violence et m\u00e9ritent ce qui leur arrive.\u00a0\u00bb background_color_front=\u00a0\u00bb\u00a0\u00bb title_front_color=\u00a0\u00bb\u00a0\u00bb text_front_color=\u00a0\u00bb\u00a0\u00bb background_color_back=\u00a0\u00bb\u00a0\u00bb title_back_color=\u00a0\u00bb\u00a0\u00bb text_back_color=\u00a0\u00bb\u00a0\u00bb border_size=\u00a0\u00bb1px\u00a0\u00bb border_color=\u00a0\u00bb\u00a0\u00bb border_radius=\u00a0\u00bb4px\u00a0\u00bb icon=\u00a0\u00bb\u00a0\u00bb icon_color=\u00a0\u00bb\u00a0\u00bb circle=\u00a0\u00bbyes\u00a0\u00bb circle_color=\u00a0\u00bb\u00a0\u00bb circle_border_color=\u00a0\u00bb\u00a0\u00bb icon_rotate=\u00a0\u00bb\u00a0\u00bb icon_spin=\u00a0\u00bbno\u00a0\u00bb image=\u00a0\u00bb\u00a0\u00bb image_width=\u00a0\u00bb35&Prime; image_height=\u00a0\u00bb35&Prime; animation_type=\u00a0\u00bb0&Prime; animation_direction=\u00a0\u00bbdown\u00a0\u00bb animation_speed=\u00a0\u00bb1&Prime;]Aucune femme ne m\u00e9rite d\u2019\u00eatre battue. Les femmes victimes de violence rapportent toute une gamme d\u2019incidents qui provoquent la violence. Par exemple\u00a0: \u00ab\u00a0Je n\u2019ai pas fait cuire ses \u0153ufs de la bonne mani\u00e8re.\u00a0\u00bb, \u00ab\u00a0Je n\u2019ai pas baiss\u00e9 suffisamment le volume de la radio.\u00a0\u00bb ou \u00ab\u00a0Je suis sortie avec mes amies sans lui demander la permission.\u00a0\u00bb Les hommes violents disent souvent que c\u2019est leur conjointe qui les a provoqu\u00e9s pour \u00e9viter de prendre la responsabilit\u00e9 du pouvoir et du contr\u00f4le qu\u2019ils exercent sur elles.[\/flip_box][\/flip_boxes][\/fullwidth]<\/p>\n","protected":false},"excerpt":{"rendered":"<p>[fullwidth background_color=\u00a0\u00bb\u00a0\u00bb background_image=\u00a0\u00bb\u00a0\u00bb background_parallax=\u00a0\u00bbnone\u00a0\u00bb enable_mobile=\u00a0\u00bbno\u00a0\u00bb parallax_speed=\u00a0\u00bb0.3&Prime; background_repeat=\u00a0\u00bbno-repeat\u00a0\u00bb background_position=\u00a0\u00bbleft top\u00a0\u00bb video_url=\u00a0\u00bb\u00a0\u00bb video_aspect_ratio=\u00a0\u00bb16:9&Prime; video_webm=\u00a0\u00bb\u00a0\u00bb video_mp4=\u00a0\u00bb\u00a0\u00bb video_ogv=\u00a0\u00bb\u00a0\u00bb video_preview_image=\u00a0\u00bb\u00a0\u00bb overlay_color=\u00a0\u00bb\u00a0\u00bb overlay_opacity=\u00a0\u00bb0.5&Prime; video_mute=\u00a0\u00bbyes\u00a0\u00bb video_loop=\u00a0\u00bbyes\u00a0\u00bb fade=\u00a0\u00bbno\u00a0\u00bb border_size=\u00a0\u00bb0px\u00a0\u00bb border_color=\u00a0\u00bb\u00a0\u00bb border_style=\u00a0\u00bbsolid\u00a0\u00bb padding_top=\u00a0\u00bb20&Prime; padding_bottom=\u00a0\u00bb20&Prime; padding_left=\u00a0\u00bb20%\u00a0\u00bb padding_right=\u00a0\u00bb20%\u00a0\u00bb hundred_percent=\u00a0\u00bbno\u00a0\u00bb equal_height_columns=\u00a0\u00bbno\u00a0\u00bb hide_on_mobile=\u00a0\u00bbno\u00a0\u00bb menu_anchor=\u00a0\u00bb\u00a0\u00bb class=\u00a0\u00bb\u00a0\u00bb id=\u00a0\u00bb\u00a0\u00bb][flip_boxes columns=\u00a0\u00bb1&Prime; class=\u00a0\u00bb\u00a0\u00bb id=\u00a0\u00bb\u00a0\u00bb][flip_box title_front=\u00a0\u00bbMYTHE\u00a0\u00bb title_back=\u00a0\u00bbFAIT\u00a0\u00bb text_front=\u00a0\u00bbLa violence conjugale est un nouveau probl\u00e8me social\u00a0\u00bb background_color_front=\u00a0\u00bb\u00a0\u00bb title_front_color=\u00a0\u00bb\u00a0\u00bb text_front_color=\u00a0\u00bb\u00a0\u00bb background_color_back=\u00a0\u00bb\u00a0\u00bb title_back_color=\u00a0\u00bb\u00a0\u00bb text_back_color=\u00a0\u00bb\u00a0\u00bb border_size=\u00a0\u00bb1px\u00a0\u00bb border_color=\u00a0\u00bb\u00a0\u00bb border_radius=\u00a0\u00bb4px\u00a0\u00bb&hellip;<\/p>\n","protected":false},"author":8,"featured_media":0,"parent":13301,"menu_order":0,"comment_status":"closed","ping_status":"open","template":"","meta":{"footnotes":""},"class_list":["post-13405","page","type-page","status-publish","hentry"],"_links":{"self":[{"href":"https:\/\/pavilionwc.com\/fr\/wp-json\/wp\/v2\/pages\/13405","targetHints":{"allow":["GET"]}}],"collection":[{"href":"https:\/\/pavilionwc.com\/fr\/wp-json\/wp\/v2\/pages"}],"about":[{"href":"https:\/\/pavilionwc.com\/fr\/wp-json\/wp\/v2\/types\/page"}],"author":[{"embeddable":true,"href":"https:\/\/pavilionwc.com\/fr\/wp-json\/wp\/v2\/users\/8"}],"replies":[{"embeddable":true,"href":"https:\/\/pavilionwc.com\/fr\/wp-json\/wp\/v2\/comments?post=13405"}],"version-history":[{"count":0,"href":"https:\/\/pavilionwc.com\/fr\/wp-json\/wp\/v2\/pages\/13405\/revisions"}],"up":[{"embeddable":true,"href":"https:\/\/pavilionwc.com\/fr\/wp-json\/wp\/v2\/pages\/13301"}],"wp:attachment":[{"href":"https:\/\/pavilionwc.com\/fr\/wp-json\/wp\/v2\/media?parent=13405"}],"curies":[{"name":"wp","href":"https:\/\/api.w.org\/{rel}","templated":true}]}}