{"id":13355,"date":"2015-06-08T13:56:46","date_gmt":"2015-06-08T17:56:46","guid":{"rendered":"http:\/\/pavilionwc.com\/?page_id=13355"},"modified":"2024-04-01T19:00:42","modified_gmt":"2024-04-01T19:00:42","slug":"contact-us","status":"publish","type":"page","link":"https:\/\/pavilionwc.com\/fr\/contact-us\/","title":{"rendered":"Nous joindre"},"content":{"rendered":"\n\n\t<iframe loading=\"lazy\" width=\"100%\" height=\"600px\" src=\"https:\/\/www.resourceconnect.com\/pavilionwc\/embed\" frameborder=\"0\" allowfullscreen><\/iframe>\n\t<h3><strong>Besoin de parler?<\/strong><\/h3>\n<p>Les heures pendant lesquelles le service de clavardage est disponible sont de 15h00 \u00e0 19h00 et de 19h30 \u00e0 21h00, 7 jours par semaine.<\/p>\n<p>Notre \u00e9quipe d&rsquo;intervenantes peut vous offrir de l&rsquo;\u00e9coute, du soutien et des r\u00e9f\u00e9rences vers des services communautaires.<\/p>\n\n<h3><strong>Nous pouvons vous aider \u00e0 :<\/strong><\/h3>\n<ul>\n<li>Parler de ce que vous ressentez<\/li>\n<li>Pr\u00e9voir des mesures de s\u00e9curit\u00e9 pour r\u00e9duire vos risques<\/li>\n<li>Trouver les services dont vous avez besoin pour obtenir du soutien dans votre communuaut\u00e9<\/li>\n<li>Les conversations sont confidentielles et s\u00e9curis\u00e9es.<\/li>\n<\/ul>\n\t<h3>Si vous souhaitez obtenir des renseignements \u00e0 notre sujet ou sur nos services, veuillez composer notre num\u00e9ro local ou sans frais \u00e0 ces endroits :<\/h3>\n\t<strong>Le Pavilion<\/strong><br \/>\nC. P. 37<br \/>\nHaileybury (Ontario)\u00a0P0J 1K0\n1-888-871-9090 (Toll Free)<br \/>\n1-705-672-2128<br \/>\n1-705-672-5922 (fax)<br \/>\nTTY Machine 1-705-672-3234\n\t<strong>Le Pavilion\u2028<\/strong><br \/>\nC. P. 66<br \/>\nKirkland Lake (Ontario) P2N 3M6<br \/>\n1 705 567-1777<br \/>\n1 705 567-2420 (t\u00e9l\u00e9c.)\n\t<h2 data-fontsize=\"26\" data-lineheight=\"27\">Envoyez-nous vos commentaires ou questions :<\/h2>\n\n","protected":false},"excerpt":{"rendered":"<p>Besoin de parler? Les heures pendant lesquelles le service de clavardage est disponible sont de 15h00 \u00e0 19h00 et de 19h30 \u00e0 21h00, 7 jours par semaine. Notre \u00e9quipe d&rsquo;intervenantes peut vous offrir de l&rsquo;\u00e9coute, du soutien et des r\u00e9f\u00e9rences vers des services communautaires. Nous pouvons vous aider \u00e0 : Parler de ce que vous&hellip;<\/p>\n","protected":false},"author":8,"featured_media":0,"parent":0,"menu_order":0,"comment_status":"closed","ping_status":"closed","template":"","meta":{"footnotes":""},"class_list":["post-13355","page","type-page","status-publish","hentry"],"_links":{"self":[{"href":"https:\/\/pavilionwc.com\/fr\/wp-json\/wp\/v2\/pages\/13355","targetHints":{"allow":["GET"]}}],"collection":[{"href":"https:\/\/pavilionwc.com\/fr\/wp-json\/wp\/v2\/pages"}],"about":[{"href":"https:\/\/pavilionwc.com\/fr\/wp-json\/wp\/v2\/types\/page"}],"author":[{"embeddable":true,"href":"https:\/\/pavilionwc.com\/fr\/wp-json\/wp\/v2\/users\/8"}],"replies":[{"embeddable":true,"href":"https:\/\/pavilionwc.com\/fr\/wp-json\/wp\/v2\/comments?post=13355"}],"version-history":[{"count":0,"href":"https:\/\/pavilionwc.com\/fr\/wp-json\/wp\/v2\/pages\/13355\/revisions"}],"wp:attachment":[{"href":"https:\/\/pavilionwc.com\/fr\/wp-json\/wp\/v2\/media?parent=13355"}],"curies":[{"name":"wp","href":"https:\/\/api.w.org\/{rel}","templated":true}]}}