{"id":13341,"date":"2015-06-08T13:49:55","date_gmt":"2015-06-08T13:49:55","guid":{"rendered":"http:\/\/pavilionwc.com\/?page_id=13341"},"modified":"2021-04-20T16:28:24","modified_gmt":"2021-04-20T16:28:24","slug":"interest-inspiration","status":"publish","type":"page","link":"https:\/\/pavilionwc.com\/fr\/interest-inspiration\/","title":{"rendered":"Int\u00e9r\u00eats et inspiration"},"content":{"rendered":"\n\t\t\t\t<img loading=\"lazy\" decoding=\"async\" src=\"http:\/\/pavilionwc.com\/wp-content\/uploads\/relationship.jpeg\" alt=\"Horizontal shot of young couple walking through meadow holding hands with focus on hands .\" itemprop=\"image\" height=\"1067\" width=\"1600\" title=\"Loving couple holding hands in a field\" onerror=\"this.style.display='none'\"  \/>\n<h3>Relations?<\/h3>\t\t\n\t\t\tSurvivre et r\u00e9ussir<br \/>\nGrandir par l\u2019apprentissage<br \/>\nPrendre la bonne voie!<br \/>\nSe renseigner advantage sur la fa\u00e7on de prendre la situation en main\n<h2 align=\"center\">1 888 871-9090<br \/>\n24 heures sur 24<\/h2>\n\t\t\t\t<a href=\"https:\/\/pavilionwc.com\/fr\/interest-inspiration\/the-relationship-quiz\/\" target=\"_self\" itemprop=\"url\" rel=\"noopener noreferrer\">\n\t\t\t\t<img loading=\"lazy\" decoding=\"async\" src=\"http:\/\/pavilionwc.com\/wp-content\/uploads\/unhealthy-relationship.jpeg\" alt=\"Thoughtful couple after quarrel lost in thoughts. Frustrated black girlfriend sitting on bed, thinking about relationship problems, empty space\" itemprop=\"image\" height=\"1067\" width=\"1600\" title=\"Young couple in bed having problems and crisis\" onerror=\"this.style.display='none'\"  \/>\n\t\t\t\t<\/a>\n<h3><a href=\"https:\/\/pavilionwc.com\/fr\/interest-inspiration\/the-relationship-quiz\/\" target=\"_self\" rel=\"noopener noreferrer\">\u00cates-vous\u2028dans<br \/>une relation malsaine?<\/a><\/h3>\t\t\n\t\t\t<p>Cliquez ci-dessous pour en savoir plus.<\/p>\n\t\t\t<a href=\"https:\/\/pavilionwc.com\/fr\/interest-inspiration\/the-relationship-quiz\/\" target=\"_self\" role=\"button\" rel=\"noopener noreferrer\">\n\t\t\t\t\t\t\tEn savoir plus\n\t\t\t<\/a>\n<h1>\n\t\tDans quel genre de relation \u00eates-vous?\n\t<\/h1>\n\t\t<h3>LE MA\u00ceTRE ET L\u2019ESCLAVE<\/h3>\t\t\n\t\t\t<p>vue comme un objet qui \u00ab appartient \u00bb \u00e0 quelqu\u2019un, propri\u00e9taire unique, manque d\u2019ind\u00e9pendance et de croissance, \u00ab C\u2019est moi qui m\u00e8ne, c\u2019est moi qui prends les d\u00e9cisions et tu es ici pour moi\u00a0\u00bb.<\/p>\n\t\t<h3>LA D\u00c9PENDANCE<\/h3>\t\t\n\t\t\t<p>\u00e9puisement, fatigue, perte d\u2019autonomie et d\u2019\u00e9quilibre, parano\u00efa.<\/p>\n\t\t<h3>LE PI\u00c9DESTAL<\/h3>\t\t\n\t\t\td\u00e9s\u00e9quilibre des pouvoirs, impressions irr\u00e9alistes et manque de communication, absence de sentiments.\n\t\t<h3>L\u2019\u00c9TOUFFEMENT<\/h3>\t\t\n\t\t\t<p>aucun mouvement, climat \u00e9touffant et incapacit\u00e9 de s\u2019\u00e9panouir sur les plans mental, physique, affectif et spirituel.<\/p>\n\t\t<h3>LE MARTYR<\/h3>\t\t\n\t\t\t<p>culpabilit\u00e9, manque de communication ou communication \u00e0 sens unique.<\/p>\n\t\t<h3>UNE PENSION DE FAMILLE<\/h3>\t\t\n\t\t\t<p>routine, communications limit\u00e9es, aucune intimit\u00e9, la relation est en train de \u00ab s\u2019\u00e9teindre \u00bb.<\/p>\n<h1>\n\t\tFacteurs dans une relation saine ou non saine\n\t<\/h1>\n\t<table id=\"factors\" border=\"0\" width=\"100%\" cellspacing=\"0\" cellpadding=\"10\">\n<thead>\n<tr>\n<td>\n<h2 data-fontsize=\"26\" data-lineheight=\"27\">Relation saine<\/h2>\n<\/td>\n<td>\n<h2 data-fontsize=\"26\" data-lineheight=\"27\">Relation malsaine<\/h2>\n<\/td>\n<\/tr>\n<tr valign=\"middle\">\n<td align=\"left\" width=\"50%\">La confiance<\/td>\n<td align=\"left\" width=\"50%\">Le manque de confiance; il pourrait y avoir de la jalousie.<\/td>\n<\/tr>\n<tr valign=\"middle\">\n<td align=\"left\" width=\"50%\">L\u2019honn\u00eatet\u00e9 et la spontan\u00e9it\u00e9<\/td>\n<td align=\"left\" width=\"50%\">L\u2019agresseur ne voit que ce qu\u2019il veut voir; trompe son partenaire et lui-m\u00eame.<\/td>\n<\/tr>\n<tr valign=\"middle\">\n<td align=\"left\" width=\"50%\">La transparence<\/td>\n<td align=\"left\" width=\"50%\">Renferm\u00e9 sur soi, secret, aucune volont\u00e9 de partager ses id\u00e9es, ses d\u00e9sirs et ses \u00e9motions.<\/td>\n<\/tr>\n<tr valign=\"middle\">\n<td align=\"left\" width=\"50%\">La compr\u00e9hension<\/td>\n<td align=\"left\" width=\"50%\">On ne tente aucunement de reconna\u00eetre les besoins, les sentiments et les d\u00e9sirs de son partenaire.<\/td>\n<\/tr>\n<tr valign=\"middle\">\n<td align=\"left\" width=\"50%\">La flexibilit\u00e9 et les compromis<\/td>\n<td align=\"left\" width=\"50%\">Le manque de flexibilit\u00e9; il n\u2019y a compromis que lorsque les besoins de l\u2019agresseur sont satisfaits ou pendant la phase de lune de miel.<\/td>\n<\/tr>\n<tr valign=\"middle\">\n<td align=\"left\" width=\"50%\">Des limites bien d\u00e9finies<\/td>\n<td align=\"left\" width=\"50%\">Des limites mal d\u00e9finies, comme si les deux partenaires \u00e9taient la m\u00eame personne; la victime sacrifie toute son identit\u00e9 et son individualit\u00e9.<\/td>\n<\/tr>\n<tr valign=\"middle\">\n<td align=\"left\" width=\"50%\">La croissance<\/td>\n<td align=\"left\" width=\"50%\">La stagnation; les rapports intimes deviennent un fardeau quotidien.<\/td>\n<\/tr>\n<tr valign=\"middle\">\n<td align=\"left\" width=\"50%\">L\u2019acceptation de soi, de son partenaire et de la relation<\/td>\n<td align=\"left\" width=\"50%\">La non-acceptation de soi, de sa ou son partenaire et de sa relation, ou tr\u00e8s peu.<\/td>\n<\/tr>\n<tr valign=\"middle\">\n<td align=\"left\" width=\"50%\">Le respect<\/td>\n<td align=\"left\" width=\"50%\">L\u2019impression qu\u2019un des partenaires est comme Dieu et que l\u2019autre ne vaut rien; l\u2019agresseur exige le respect, mais n\u2019en donne aucun en retour.<\/td>\n<\/tr>\n<tr valign=\"middle\">\n<td align=\"left\" width=\"50%\">Les rapports intimes et la spiritualit\u00e9<\/td>\n<td align=\"left\" width=\"50%\">Aucune affection; les rapports intimes semblent \u00eatre un fardeau; on \u00e9prouve de la crainte; on utilise parfois la force.<\/td>\n<\/tr>\n<tr valign=\"middle\">\n<td align=\"left\" width=\"50%\">Les deux partenaires s\u2019engagent activement l\u2019un envers l\u2019autre<\/td>\n<td align=\"left\" width=\"50%\">Les deux partenaires s\u2019engagent \u00e0 r\u00e9pondre aux besoins de l\u2019un d\u2019entre eux seulement; la victime se sent pi\u00e9g\u00e9e.<\/td>\n<\/tr>\n<tr valign=\"middle\">\n<td align=\"left\" width=\"50%\">De l\u2019espace<\/td>\n<td align=\"left\" width=\"50%\">L\u2019agresseur s\u2019attend \u00e0 ce que la victime passe tout son temps libre \u00e0 ses c\u00f4t\u00e9s; la victime abandonne ses amies, sa famille, l\u2019\u00e9cole ou son emploi; elle se sent isol\u00e9e.<\/td>\n<\/tr>\n<tr valign=\"middle\">\n<td align=\"left\">L\u2019individualit\u00e9<\/td>\n<td align=\"left\">On ne respecte pas les diff\u00e9rences et on ne favorise pas l\u2019\u00e9panouissement.<\/td>\n<\/tr>\n<tr valign=\"middle\">\n<td align=\"left\">Les affirmations<\/td>\n<td align=\"left\">N\u2019est permise que lorsque la victime c\u00e8de aux pressions ou pendant la phase de lune de miel.<\/td>\n<\/tr>\n<tr valign=\"middle\">\n<td align=\"left\">L\u2019\u00e9galit\u00e9 et le partage des pouvoirs<\/td>\n<td align=\"left\">Le d\u00e9s\u00e9quilibre des pouvoirs; l\u2019agresseur a recours \u00e0 la force et \u00e0 la coercition. Il peut y avoir de la violence physique, psychologique et sexuelle.<\/td>\n<\/tr>\n<tr valign=\"middle\">\n<td align=\"left\">Les deux parties prennent des risques<\/td>\n<td align=\"left\">La victime a peur d\u2019exprimer ses sentiments, ses d\u00e9sirs et ses besoins de crainte de se faire maltraiter davantage.<\/td>\n<\/tr>\n<\/thead>\n<\/table>\n<h1>\n\t\tNe pas dormir sur ses deux oreilles\n\t<\/h1>\n\t<p>Ne pas dormir sur ses deux oreilles \u2028Regarder les ombres autour de vous\u2028\u00c9couter les cris et esp\u00e9rer qu\u2019ils\u2028dispara\u00eetront comme la ros\u00e9e.<\/p>\n<p>Vouloir venir en aide \u00e0 la personne que vous aimez,\u2028mais savoir que vous n\u2019avez pas la force pour mettre\u2028fin aux coups et aux bousculades\u2028et pour faire tomber la b\u00eate, pour mettre un terme \u00e0 cette nuit \u00e9ternelle.<\/p>\nNe pas dormir sur vos deux oreilles\u2028Savoir et pleurer, faire semblant que \u00e7a ne vous d\u00e9range pas\u2028\u00c9couter les cris et esp\u00e9rer que<br \/>\nDieu exaucera ma pri\u00e8re.\n<p>Auteur inconnu<\/p>\n<h2>\n\t\tIl m\u2019aime, il ne m\u2019aime pas.\n\t<\/h2>\n<h3>\n\t\tIl vous arrive peut-\u00eatre souvent de penser ainsi. Il se peut que vos amies, votre famille et vos coll\u00e8gues vous disent : \u00ab Pourquoi ne pas le laisser? \u00bb Nous comprenons qu\u2019il est tr\u00e8s difficile de prendre une telle d\u00e9cision. Voici certaines des raisons pour lesquelles vous pourriez d\u00e9cider de rester avec votre partenaire.\n\t<\/h3>\n\tL\u2019id\u00e9e de quitter la relation peut \u00eatre accablante. La premi\u00e8re \u00e9tape de la gestion d\u2019une relation de violence consiste \u00e0 trouver du soutien et \u00e0 mettre les choses en perspective.<br \/>\nSi vous souhaitez discuter de cela ou de toute autre question avec une intervenante, appelez au 1-888-871-9090, 24 heures sur 24.\n<table>\n<tbody>\n<tr>\n<td>\n<ul>\n<li>\nVous aimez votre partenaire, mais pas la violence.\n<\/li>\n<li>\nVous avez pris un engagement que, selon vous, vous devez tenir.\n<\/li>\n<li>\nVous avez l\u2019impression d\u2019avoir nulle part o\u00f9 aller.\n<\/li>\n<li>\nVous craignez la pauvret\u00e9 pour vous et pour vos enfants.\n<\/li>\n<li>\nVotre parent\u00e9 et vos beaux-parents veulent que vous restiez.\n<\/li>\n<li>\nIl se peut que votre partenaire ait menac\u00e9 de se suicider si vous partez.\n<\/li>\n<li>\nVotre partenaire vous am\u00e8ne \u00e0 remettre en question votre capacit\u00e9 de mener une vie autonome.\n<\/li>\n<\/ul>\n<\/td>\n<td>\n<ul>\n<li>\nVous voulez que vos enfants grandissent avec leur p\u00e8re.\n<\/li>\n<li>\nVous croyez que votre partenaire changera.\n<\/li>\n<li>\nVous avez peur ou vous avez honte.\n<\/li>\n<li>\nVotre partenaire vous donne l\u2019impression que l\u2019agression est de votre faute.\n<\/li>\n<li>\nIl se peut que vous n\u2019ayez pas acc\u00e8s aux services dont vous avez besoin.\n<\/li>\n<li>\nVous avez peur pour votre vie et celle de vos enfants.\n<\/li>\n<\/ul>\n<\/td>\n<\/tr>\n<\/tbody>\n<\/table>\n<h3 data-fontsize=\"26\" data-lineheight=\"27\">Si vous souhaitez discuter de ceci ou de tout autre sujet avec une conseill\u00e8re, appelez :<\/h3>\n<h3 data-fontsize=\"26\" data-lineheight=\"27\">1 888 871-9090, 24 heures sur 24<\/h3>\n<h2>\n\t\tLa survie est possible \u2026 Le succ\u00e8s aussi!\n\t<\/h2>\n\tJe suis une survivante de violence conjugale. J\u2019ai vingt-six ans et j\u2019ai un jeune enfant.<br \/>\nJ\u2019ai quitt\u00e9 mon conjoint quand j\u2019\u00e9tais enceinte de six mois, apr\u00e8s un acc\u00e8s de double pneumonie. La violence \u00e9tait pass\u00e9e de l\u2019agression psychologique grave et de la violence physique occasionnelle \u00e0 des incidents de violence extr\u00eame dans les deux cas. Gr\u00e2ce au soutien de ma m\u00e8re, j\u2019ai obtenu mon dipl\u00f4me de droit et j\u2019exerce aujourd\u2019hui la profession d\u2019avocate. Il m\u2019a fallu beaucoup de temps pour comprendre ce que me faisait subir mon mari et encore plus de temps \u00e0 accepter le fait qu\u2019il refusait de reconna\u00eetre la gravit\u00e9 de la violence. Mais, on croit que la violence est de sa faute : \u00ab Si seulement je ne m\u2019\u00e9tais pas comport\u00e9e ainsi, il ne se serait pas mis tant en col\u00e8re.\u00a0\u00bb Oui, il l\u2019aurait fait et vous avez beaucoup de m\u00e9rite. Vous ne pourrez JAMAIS le changer. Par contre, vous pouvez vous changer vous-m\u00eame et vous pouvez envisager un avenir meilleur pour vous et pour vos enfants. Vous y avez droit.\n<h2>\n\t\tLa charte des droits des femmes\n\t<\/h2>\n\tJ&rsquo;ai le droit de prendre mes propres d\u00e9cisions.<br \/>\nJ&rsquo;ai le droit d&rsquo;utiliser mon propre jugement.<br \/>\nJ&rsquo;ai le droit de dire non sans me sentir coupable.<br \/>\nJ&rsquo;ai le droit de ressentir de la col\u00e8re et de l&rsquo;exprimer de fa\u00e7on appropri\u00e9e.<br \/>\nJ&rsquo;ai le droit de faire des erreurs.<br \/>\nJ&rsquo;ai le droit d&rsquo;\u00eatre trait\u00e9 comme un \u00eatre humain capable.<br \/>\nJ&rsquo;ai le droit de ressentir et d&rsquo;exprimer mon amour et mon affection.<br \/>\nJ&rsquo;ai le droit que mes besoins soient aussi importants que les autres.<br \/>\nJ&rsquo;ai droit \u00e0 mes sentiments.<br \/>\nJ&rsquo;ai le droit de demander ce que je veux.<br \/>\nJ&rsquo;ai le droit de changer d&rsquo;avis.\n","protected":false},"excerpt":{"rendered":"<p>Relations? Survivre et r\u00e9ussir Grandir par l\u2019apprentissage Prendre la bonne voie! Se renseigner advantage sur la fa\u00e7on de prendre la situation en main 1 888 871-9090 24 heures sur 24 \u00cates-vous\u2028dansune relation malsaine? Cliquez ci-dessous pour en savoir plus. En savoir plus Dans quel genre de relation \u00eates-vous? LE MA\u00ceTRE ET L\u2019ESCLAVE vue comme un&hellip;<\/p>\n","protected":false},"author":8,"featured_media":0,"parent":0,"menu_order":0,"comment_status":"closed","ping_status":"open","template":"","meta":{"footnotes":""},"class_list":["post-13341","page","type-page","status-publish","hentry"],"_links":{"self":[{"href":"https:\/\/pavilionwc.com\/fr\/wp-json\/wp\/v2\/pages\/13341","targetHints":{"allow":["GET"]}}],"collection":[{"href":"https:\/\/pavilionwc.com\/fr\/wp-json\/wp\/v2\/pages"}],"about":[{"href":"https:\/\/pavilionwc.com\/fr\/wp-json\/wp\/v2\/types\/page"}],"author":[{"embeddable":true,"href":"https:\/\/pavilionwc.com\/fr\/wp-json\/wp\/v2\/users\/8"}],"replies":[{"embeddable":true,"href":"https:\/\/pavilionwc.com\/fr\/wp-json\/wp\/v2\/comments?post=13341"}],"version-history":[{"count":0,"href":"https:\/\/pavilionwc.com\/fr\/wp-json\/wp\/v2\/pages\/13341\/revisions"}],"wp:attachment":[{"href":"https:\/\/pavilionwc.com\/fr\/wp-json\/wp\/v2\/media?parent=13341"}],"curies":[{"name":"wp","href":"https:\/\/api.w.org\/{rel}","templated":true}]}}