{"id":13325,"date":"2015-06-08T13:49:28","date_gmt":"2015-06-08T13:49:28","guid":{"rendered":"http:\/\/pavilionwc.com\/?page_id=13325"},"modified":"2021-05-17T18:19:51","modified_gmt":"2021-05-17T18:19:51","slug":"your-children","status":"publish","type":"page","link":"https:\/\/pavilionwc.com\/fr\/your-children\/","title":{"rendered":"Vos enfants"},"content":{"rendered":"<h1>\n\t\tNe laissez pas la violence ternir le sourire de votre enfant\n\t<\/h1>\n\t<h2>Obtenez de l\u2019aide d\u00e8s aujourd\u2019hui!<\/h2>\n<h2>Composez le 1 888 871-9090, 24 heures sur 24<\/h2>\n<p>Les enfants sont touch\u00e9s par ce qu\u2019ils entendent et dont ils sont t\u00e9moins, qu\u2019ils soient ou non eux-m\u00eames victimes de violence.<\/p>\n<h1>\n\t\tLes enfants sont touch\u00e9s par ce qu\u2019ils entendent et dont ils sont t\u00e9moins, qu\u2019ils soient ou non eux-m\u00eames victimes de violence\n\t<\/h1>\n\t\t\t\t\t\t<h4>Les sentiments qu\u2019\u00e9prouvent les enfants quand un parent maltraite l\u2019autre. <\/h4>\n\t\t\t<p>IMPUISSANTS &#8211; parce qu\u2019ils ne peuvent pas arr\u00eater les abus.<\/p>\n<p>COUPABLES &#8211; croyant qu\u2019ils ont caus\u00e9 la violence d\u2019une fa\u00e7on ou d\u2019une autre.<\/p>\n<p>EN COL\u00c8RE contre la m\u00e8re &#8211; bl\u00e2mer la m\u00e8re parce que c\u2019\u00e9tait sa faute.<\/p>\n<p>EN COL\u00c8RE contre papa &#8211; pour avoir fait mal \u00e0 maman.<\/p>\n<p>IMPUISSANTS &#8211; parce qu\u2019ils ressentent le besoin de r\u00e9soudre le probl\u00e8me, mais finissent par se blesser seulement lorsqu\u2019ils essaient d\u2019aider.<\/p>\n<p>CONFUS &#8211; parce que les parents peuvent essayer d\u2019amener les enfants \u00e0 choisir un c\u00f4t\u00e9 ou un parent.<\/p>\n<p>PEUR &#8211; pour eux-m\u00eames et les autres membres de la famille.<\/p>\n<p>ISOL\u00c9S\/INCERTAINS &#8211; souvent inventer des excuses pour ne pas avoir \u00e0 rentrer \u00e0 la maison.<\/p>\n<p>MALHONN\u00caTES \/ EMBARRASS\u00c9S &#8211; parce qu\u2019ils inventent des excuses \u00e0 la famille et aux amis pour les ecchymoses de la m\u00e8re.<\/p>\n<p>D\u00c9PASS\u00c9S &#8211; par la situation, ce qui m\u00e8ne souvent \u00e0 un pi\u00e8tre rendement scolaire et \u00e0 l\u2019\u00e9vitement des amis.<\/p>\n\t\t\t\t\t\t<h4>Comprendre pourquoi maman reste<\/h4>\n\t\t\t<ul>\n<li>M\u00eame si la relation est marqu\u00e9e de p\u00e9riodes difficiles et d\u2019incidents violents, il y a aussi des moments chaleureux et agr\u00e9ables.<\/li>\n<li>Elle croit probablement qu\u2019elle doit rester mari\u00e9e avec son \u00e9poux jusqu\u2019\u00e0 ce que \u00ab la mort les s\u00e9pare \u00bb.<\/li>\n<li>Elle croit probablement que la violence cessera si elle ob\u00e9it comme une bonne \u00e9pouse se doit de le faire.<\/li>\n<li>Son mari l\u2019isole de sa famille et de ses amis, lui disant qu\u2019elle n\u2019a besoin de personne d\u2019autre que lui, et elle s\u2019isole parce qu\u2019elle a honte de ses bleus et de ses blessures.<\/li>\n<li>Elle a peur.<\/li>\n<li>Elle craint que si elle part, l\u2019agresseur la trouvera et lui fera encore plus mal;<\/li>\n<li>qu\u2019elle ne pourra pas subvenir \u00e0 ses besoins ni \u00e0 ceux de ses enfants;<\/li>\n<li>que son mari pourrait avoir la garde des enfants parce qu\u2019il a plus d\u2019argent qu\u2019elle et qu\u2019il peut se permettre un meilleur avocat.<\/li>\n<\/ul>\n\t\t\t\t\t\t<h4>Conseils de s\u00e9curit\u00e9 de base et strat\u00e9gies \u00e0 enseigner \u00e0 vos enfants <\/h4>\n\t\t\t<ul>\n<li>\nApprendre leur nom et leur adresse par c\u0153ur, y compris la ville, la province et le pays.\n\u00a0\n<\/li>\n<li>\nSavoir utiliser un t\u00e9l\u00e9phone \u00e0 clavier et un t\u00e9l\u00e9phone \u00e0 cadran pour faire des appels d\u2019urgence, locaux et interurbains et pour joindre une t\u00e9l\u00e9phoniste.\n\u00a0\n<\/li>\n<li>\nVous aviser ou aviser une voisine ou un voisin d\u00e8s qu\u2019elles et ils rentrent \u00e0 la maison.\n\u00a0\n<\/li>\n<li>\nNe jamais entrer dans la maison si elles ou ils remarquent qu\u2019une porte est entrouverte ou qu\u2019une fen\u00eatre est bris\u00e9e.\n\u00a0\n<\/li>\n<li>\nApprendre comment fonctionnent les serrures et les loquets sur les fen\u00eatres et les verrouiller quand elles et ils sont seuls \u00e0 la maison.\n\u00a0\n<\/li>\n<li>\nApprendre \u00e0 activer et \u00e0 d\u00e9sactiver le syst\u00e8me d\u2019alarme et m\u00e9moriser le mot de passe.\n\u00a0\n<\/li>\n<li>\nNe pas entrer chez quelqu\u2019un sans avoir re\u00e7u votre permission.\n\u00a0\n<\/li>\n<li>\nNe jamais partir avec un autre adulte, m\u00eame si celui-ci pr\u00e9tend que c\u2019est vous qui l\u2019avez envoy\u00e9. Inventez un mot code familial \u00e0 utiliser si vous devez demander \u00e0 quelqu\u2019un d\u2019aller chercher vos enfants.\n\u00a0\n<\/li>\n<li>\n\u00c9viter de marcher ou de jouer dehors tout seul.\n\u00a0\n<\/li>\n<li>\nApprendre qu\u2019un \u00e9tranger, c\u2019est une personne que ni vous ni eux ne connaissent bien.\n\u00a0\n<\/li>\n<li>\nApprendre \u00e0 se rendre rapidement dans l\u2019endroit public le plus proche ou chez un voisin si elles ou ils se font suivre par une personne qui est \u00e0 pied ou en voiture.\n<\/li>\n<\/ul>\n\t\t\t\t\t\t<h4>Les effets que ressentent les enfants qui sont t\u00e9moins de violence conjugale<\/h4>\n\t\t\tR\u00c9ALIT\u00c9S :\n<ul>\n<li>Les jeunes enfants sont tout aussi affect\u00e9s par la violence que les enfants plus \u00e2g\u00e9s.<\/li>\n<li>Ils peuvent d\u00e9crire en d\u00e9tail les incidents violents dont ils ont \u00e9t\u00e9 t\u00e9moins.<\/li>\n<li>Tous les enfants qui sont t\u00e9moins de violence en souffrent dans leur d\u00e9veloppement affectif et comportemental.<\/li>\n<li>Ils manquent d\u2019estime de soi.<\/li>\n<li>Ils \u00e9prouvent impuissance, d\u00e9sespoir et d\u00e9pression.<\/li>\n<li>Les enfants de foyers violents finissent par croire que la violence est un moyen efficace de r\u00e9soudre des probl\u00e8mes et qu\u2019elle a peu de cons\u00e9quences.<\/li>\n<li>Les effets de la violence comprennent l\u2019anxi\u00e9t\u00e9, les troubles du sommeil, la col\u00e8re, le stress, la confusion, la solitude, la culpabilit\u00e9, la tristesse, la honte, l\u2019\u00e9nur\u00e9sie (faire pipi au lit), les acc\u00e8s de col\u00e8re, la destruction, la malhonn\u00eatet\u00e9, etc.<\/li>\n<li>Les enfants qui grandissent dans un foyer violent finissent souvent, \u00e0 l\u2019\u00e2ge adulte, par \u00eatre eux-m\u00eames victimes de violence ou agresseurs!<\/li>\n<\/ul>\n\t\t\t\t\t\t<h4>Les enfants apprennent ce qu\u2019ils vivent<\/h4>\n\t\t\t<p>L\u2019enfant entour\u00e9 de critiques apprend \u00e0 condamner.<br \/>L\u2019enfant entour\u00e9 d\u2019hostilit\u00e9 apprend \u00e0 se battre.<br \/>L\u2019enfant entour\u00e9 de peur apprend \u00e0 \u00eatre craintif.<br \/>L\u2019enfant entour\u00e9 de piti\u00e9 apprend \u00e0 s\u2019apitoyer sur lui-m\u00eame.<br \/>L\u2019enfant entour\u00e9 de ridicule apprend \u00e0 se sentir g\u00ean\u00e9.<br \/>L\u2019enfant entour\u00e9 de jalousie apprend \u00e0 se sentir envieux.<br \/>L\u2019enfant entour\u00e9 de honte apprend \u00e0 se sentir coupable.<br \/>L\u2019enfant entour\u00e9 de soutien apprend \u00e0 avoir confiance.<br \/>L\u2019enfant entour\u00e9 de tol\u00e9rance apprend \u00e0 \u00eatre patient.<br \/>L\u2019enfant entour\u00e9 d\u2019\u00e9loges apprend \u00e0 appr\u00e9cier.<br \/>L\u2019enfant entour\u00e9 d\u2019acceptation apprend \u00e0 aimer.<br \/>L\u2019enfant entour\u00e9 d\u2019approbation apprend \u00e0 s\u2019aimer.<br \/>L\u2019enfant entour\u00e9 de reconnaissance apprend qu\u2019il est bon de se fixer un objectif.<br \/>L\u2019enfant entour\u00e9 de partage apprend \u00e0 \u00eatre g\u00e9n\u00e9reux.<br \/>L\u2019enfant entour\u00e9 d\u2019honn\u00eatet\u00e9 apprend \u00e0 \u00eatre sinc\u00e8re.<br \/>L\u2019enfant entour\u00e9 de justice apprend \u00e0 \u00eatre juste.<br \/>L\u2019enfant entour\u00e9 de bont\u00e9 et de bienveillance apprend \u00e0 \u00eatre respectueux.<br \/>L\u2019enfant entour\u00e9 de s\u00e9curit\u00e9 apprend \u00e0 avoir confiance en lui-m\u00eame et dans les autres.<br \/>L\u2019enfant entour\u00e9 d\u2019amiti\u00e9 apprend que le monde est un endroit o\u00f9 il fait bon vivre.<\/p>\n<p><em>~Par Dorothy Law Nolte~ [Traduction libre]<\/em><\/p>\n<h1>\n\t\tCe que vous pouvez faire pour aider un enfant qui a \u00e9t\u00e9 t\u00e9moin de violence conjugale ou familiale\n\t<\/h1>\n\t<ul>\n<li>\nDonnez-lui l\u2019occasion de raconter son histoire.\n<\/li>\n<li>\nCroyez ce qu\u2019il vous dit.\n<\/li>\n<li>\nOrientez-le vers un service de soutien offert dans la r\u00e9gion.\n<\/li>\n<li>\nAssurez-vous qu\u2019elle ou il sait se prot\u00e9ger sur les plans affectif et physique en s\u2019exer\u00e7ant \u00e0 ex\u00e9cuter un plan d\u2019urgence. Dites-lui qu\u2019aucun type de violence ou d\u2019agression n\u2019est acceptable.\n<\/li>\n<\/ul>\n","protected":false},"excerpt":{"rendered":"<p>Ne laissez pas la violence ternir le sourire de votre enfant Obtenez de l\u2019aide d\u00e8s aujourd\u2019hui! Composez le 1 888 871-9090, 24 heures sur 24 Les enfants sont touch\u00e9s par ce qu\u2019ils entendent et dont ils sont t\u00e9moins, qu\u2019ils soient ou non eux-m\u00eames victimes de violence. Les enfants sont touch\u00e9s par ce qu\u2019ils entendent et&hellip;<\/p>\n","protected":false},"author":8,"featured_media":0,"parent":0,"menu_order":0,"comment_status":"closed","ping_status":"open","template":"","meta":{"footnotes":""},"class_list":["post-13325","page","type-page","status-publish","hentry"],"_links":{"self":[{"href":"https:\/\/pavilionwc.com\/fr\/wp-json\/wp\/v2\/pages\/13325","targetHints":{"allow":["GET"]}}],"collection":[{"href":"https:\/\/pavilionwc.com\/fr\/wp-json\/wp\/v2\/pages"}],"about":[{"href":"https:\/\/pavilionwc.com\/fr\/wp-json\/wp\/v2\/types\/page"}],"author":[{"embeddable":true,"href":"https:\/\/pavilionwc.com\/fr\/wp-json\/wp\/v2\/users\/8"}],"replies":[{"embeddable":true,"href":"https:\/\/pavilionwc.com\/fr\/wp-json\/wp\/v2\/comments?post=13325"}],"version-history":[{"count":0,"href":"https:\/\/pavilionwc.com\/fr\/wp-json\/wp\/v2\/pages\/13325\/revisions"}],"wp:attachment":[{"href":"https:\/\/pavilionwc.com\/fr\/wp-json\/wp\/v2\/media?parent=13325"}],"curies":[{"name":"wp","href":"https:\/\/api.w.org\/{rel}","templated":true}]}}