{"id":13301,"date":"2015-06-08T13:49:10","date_gmt":"2015-06-08T13:49:10","guid":{"rendered":"http:\/\/pavilionwc.com\/?page_id=13301"},"modified":"2021-04-20T15:30:13","modified_gmt":"2021-04-20T15:30:13","slug":"abuse-unmasked","status":"publish","type":"page","link":"https:\/\/pavilionwc.com\/fr\/abuse-unmasked\/","title":{"rendered":"La maltraitance d\u00e9masqu\u00e9e"},"content":{"rendered":"\n\t\t\t\t<a href=\"http:\/\/pavilionwc.com\/abuse-unmasked\/\" target=\"_self\" itemprop=\"url\" rel=\"noopener noreferrer\">\n\t\t\t\t<img loading=\"lazy\" decoding=\"async\" src=\"http:\/\/pavilionwc.com\/wp-content\/uploads\/crime.jpeg\" alt=\"Arrested man in handcuffs with handcuffed hands behind back\" itemprop=\"image\" height=\"1067\" width=\"1600\" title=\"Criminal in handcuffs\" onerror=\"this.style.display='none'\"  \/>\n\t\t\t\t<\/a>\n<h3><a href=\"http:\/\/pavilionwc.com\/abuse-unmasked\/\" target=\"_self\" rel=\"noopener noreferrer\">C&rsquo;est un crime<\/a><\/h3>\t\t\n\t\t\t<p>La violence faite aux femmes est un crime et elle peut avoir de graves s\u00e9quelles sur les femmes et sur les enfants qui en sont t\u00e9moins.<\/p>\n\t\t\t\t<a href=\"http:\/\/pavilionwc.com\/health-safety\/safety-first\/\" target=\"_self\" itemprop=\"url\" rel=\"noopener noreferrer\">\n\t\t\t\t<img loading=\"lazy\" decoding=\"async\" src=\"http:\/\/pavilionwc.com\/wp-content\/uploads\/safety-plan.jpeg\" alt=\"Women hand open door knob or opening the door,grand opening,Close up hand open door.\" itemprop=\"image\" height=\"1069\" width=\"1600\" title=\"Women hand open door knob or opening the door,grand opening,Close up hand open door.\" onerror=\"this.style.display='none'\"  \/>\n\t\t\t\t<\/a>\n<h3><a href=\"http:\/\/pavilionwc.com\/health-safety\/safety-first\/\" target=\"_self\" rel=\"noopener noreferrer\">\u00c9laborez un plan de fuite en cas d\u2019urgence<\/a><\/h3>\t\t\n\t\t\t<p>Documentez tous les gestes de harc\u00e8lement criminel. Choses \u00e0 faire et \u00e0 ne pas faire pour vous prot\u00e9ger.<\/p>\n<p>Si vous \u00eates victime d\u2019agression ou que vous l\u2019avez \u00e9t\u00e9 par le pass\u00e9, t\u00e9l\u00e9phonez au Pavilion pour obtenir de l\u2019aide et pr\u00e9parez un plan de fuite en cas d\u2019urgence.<\/p>\n<p>S\u2019il y a d\u00e9j\u00e0 eu une agression, il y a de fortes chances que cela se reproduira!<\/p>\n<h3>\nComposez le 1 888 871-9090, 24 heures sur 24, pour obtenir de l\u2019aide ou du soutien<\/h3>\n<h1>\n\t\tLa violence faite aux femmes &#8211; dissiper les mythes\n\t<\/h1>\n\t\t\t\t\t\t\t\t\t\t\t\t\t\t\t<h2>MYTHE<\/h2>\n\t\t\t\t\t\t<p>La violence conjugale est un nouveau probl\u00e8me social.<\/p>\t\t\t\t\t\n\t\t\t<!-- END .front -->\n\t\t\t\t\t\t\t\t\t\t<h2>FAIT<\/h2>\n\t\t\t\t\t\t<p>La violence conjugale n\u2019est PAS nouvelle. Au Canada, ce n\u2019est qu\u2019en 1968, lorsque le gouvernement f\u00e9d\u00e9ral a adopt\u00e9 la Loi sur le divorce, que la cruaut\u00e9 physique et mentale est devenue un motif de divorce.<\/p>\t\t\t\t\t\n\t\t\t<!-- END .back -->\n\t\t <!-- ifb-flip-box -->\n\t <!-- flip-box -->\n\t\t\t\t\t\t\t\t\t\t\t\t\t\t\t<h2>MYTHE<\/h2>\n\t\t\t\t\t\t<p>La violence conjugale n\u2019est pas un probl\u00e8me tr\u00e8s r\u00e9pandu.<\/p>\t\t\t\t\t\n\t\t\t<!-- END .front -->\n\t\t\t\t\t\t\t\t\t\t<h2>FAIT<\/h2>\n\t\t\t\t\t\t<p>Une \u00e9tude r\u00e9cente indique qu\u2019un homme canadien sur cinq, vivant avec une femme, admet avoir \u00e9t\u00e9 violent envers elle.<\/p>\t\t\t\t\t\n\t\t\t<!-- END .back -->\n\t\t <!-- ifb-flip-box -->\n\t <!-- flip-box -->\n\t\t\t\t\t\t\t\t\t\t\t\t\t\t\t<h2>MYTHE<\/h2>\n\t\t\t\t\t\t<p>C\u2019est l\u2019alcool qui pousse les hommes \u00e0 agresser leur conjointe.<\/p>\t\t\t\t\t\n\t\t\t<!-- END .front -->\n\t\t\t\t\t\t\t\t\t\t<h2>FAIT<\/h2>\n\t\t\t\t\t\t<p>L\u2019alcool peut stimuler la violence d\u2019un homme. Par contre, la vraie cause de la violence conjugale c\u2019est le d\u00e9sir de pouvoir et de contr\u00f4le de l\u2019agresseur sur sa conjointe. Les agresseurs se servent souvent de l\u2019alcool comme excuse pour \u00e9viter de prendre la responsabilit\u00e9 de leur comportement violent.<\/p>\t\t\t\t\t\n\t\t\t<!-- END .back -->\n\t\t <!-- ifb-flip-box -->\n\t <!-- flip-box -->\n\t\t\t\t\t\t\t\t\t\t\t\t\t\t\t<h2>MYTHE<\/h2>\n\t\t\t\t\t\t<p>Les hommes sont victimes de violence de la part de leur conjointe aussi souvent que les femmes.<\/p>\t\t\t\t\t\n\t\t\t<!-- END .front -->\n\t\t\t\t\t\t\t\t\t\t<h2>FAIT<\/h2>\n\t\t\t\t\t\t<p>En Ontario, plus de 92\u00a0% des accusations de violence conjugale sont d\u00e9pos\u00e9es contre des hommes. La plupart des accusations port\u00e9es contre des femmes sont des contre-accusations port\u00e9es par des conjoints violents ou sont la suite de gestes d\u2019autod\u00e9fense.<\/p>\t\t\t\t\t\n\t\t\t<!-- END .back -->\n\t\t <!-- ifb-flip-box -->\n\t <!-- flip-box -->\n\t\t\t\t\t\t\t\t\t\t\t\t\t\t\t<h2>MYTHE<\/h2>\n\t\t\t\t\t\t<p>Les femmes provoquent souvent la violence et m\u00e9ritent ce qui leur arrive.<\/p>\t\t\t\t\t\n\t\t\t<!-- END .front -->\n\t\t\t\t\t\t\t\t\t\t<h2>FAIT<\/h2>\n\t\t\t\t\t\t<p>Aucune femme ne m\u00e9rite d\u2019\u00eatre battue. Les femmes agress\u00e9es signalent un large \u00e9ventail d\u2019incidents qui d\u00e9clenchent la violence. Par exemple\u00a0: \u00ab\u00a0J\u2019ai frit ses \u0153ufs de la mauvaise fa\u00e7on\u00a0\u00bb, \u00ab\u00a0je n\u2019ai pas assez baiss\u00e9 le volume sur la radio\u00a0\u00bb ou \u00ab\u00a0je suis sorti avec mes amis sans lui demander sa permission\u00a0\u00bb. Les hommes violents pr\u00e9tendent souvent que leur partenaire a provoqu\u00e9 une agression pour \u00e9viter d\u2019assumer la responsabilit\u00e9 du pouvoir et du contr\u00f4le sur son partenaire.<\/p>\t\t\t\t\t\n\t\t\t<!-- END .back -->\n\t\t <!-- ifb-flip-box -->\n\t <!-- flip-box -->\n<h1>\n\t\tCaract\u00e9ristiques des femmes victimes de violence et de leurs agresseurs\n\t<\/h1>\n\t<h3>\n\t\t\t\tPourquoi les hommes maltraitent-ils?\n\t\t\t<\/h3>\n\t<ul>\n<li>\nIls ont appris ce comportement dans leur famille ou leur origine (75 % des conjoints violents ont vu leur p\u00e8re maltraiter leur m\u00e8re);\n<\/li>\n<li>\nIls croient et sont influenc\u00e9s par des images masculines dominantes renforc\u00e9es par la soci\u00e9t\u00e9 et les m\u00e9dias;\n<\/li>\n<li>\nIls vivent dans une soci\u00e9t\u00e9 o\u00f9 il y a peu ou pas de cons\u00e9quences n\u00e9gatives pour la violence faite aux femmes;\n<\/li>\n<li>\nIls croient qu&rsquo;il s&rsquo;agit d&rsquo;une expression appropri\u00e9e du pouvoir et du contr\u00f4le;\n<\/li>\n<li>\nIls veulent que leur partenaire demeure d\u00e9pendant d&rsquo;eux.\n<\/li>\n<\/ul>\n\t<h3>\n\t\t\t\tPourquoi les femmes restent-elles?\n\t\t\t<\/h3>\n\t<ul>\n<li>\nElles veulent que leur relation fonctionne et esp\u00e8rent que leur partenaire changera;\n<\/li>\n<li>\nElles craignent les repr\u00e9sailles de la part de leur partenaire;\n<\/li>\n<li>\nElles manquent d&rsquo;argent ou de logement (95% des femmes qui ont quitt\u00e9 leur partenaire vivent sous le seuil de pauvret\u00e9);\n<\/li>\n<li>\nElles veulent que leurs enfants aient un p\u00e8re \u00e0 la maison;\n<\/li>\n<li>\nElles ressentent de la culpabilit\u00e9, de la honte et de la responsabilit\u00e9 \u00e0 l&rsquo;\u00e9gard de l&rsquo;abus;\n<\/li>\n<li>\nElles ne sont pas conscientes que l&rsquo;aide est disponible;\n<\/li>\n<li>\nElles peuvent avoir des croyances religieuses ou familiales qui condamnent une femme de partir;\n<\/li>\n<li>\nElles n&rsquo;ont pas de soutien personnel ou social;\n<\/li>\n<li>\nElles ont peur de perdre leurs enfants.\n<\/li>\n<\/ul>\n<h1>\n\t\tCaract\u00e9ristiques des femmes victimes de violence et de leurs agresseurs\n\t<\/h1>\n\t<h3>\n\t\t\t\tFemme victime de violence\n\t\t\t<\/h3>\n\t<ol>\n<li>\nElle manque d\u2019estime de soi.\n<\/li>\n<li>\nElle croit tous les mythes au sujet des relations de violence.\n<\/li>\n<li>\nElle a une vision traditionaliste du foyer, c\u2019est-\u00e0-dire qu\u2019elle croit fermement \u00e0 l\u2019unit\u00e9 familiale et au r\u00f4le f\u00e9minin st\u00e9r\u00e9otyp\u00e9.\n<\/li>\n<li>\nElle assume la responsabilit\u00e9 des gestes pos\u00e9s par l\u2019agresseur.\n<\/li>\n<li>\nElle souffre de culpabilit\u00e9, mais nie la terreur et la col\u00e8re qu\u2019elle ressent.\n<\/li>\n<li>\nElle donne l\u2019impression d\u2019\u00eatre passive, mais a la force de manipuler son milieu de sorte \u00e0 ne pas se faire tuer.\n<\/li>\n<li>\nElle r\u00e9agit fortement au stress et se plaint de malaises psychologiques.\n<\/li>\n<li>\nElle utilise le sexe comme moyen d\u2019\u00e9tablir l\u2019intimit\u00e9.\n<\/li>\n<li>\nElle est trait\u00e9e comme \u00ab la petite fille de papa \u00bb (comme une enfant).\n<\/li>\n<li>\nElle croit que personne d\u2019autre ne peut l\u2019aider \u00e0 \u00e9chapper \u00e0 la situation.\n<\/li>\n<\/ol>\n\t<h3>\n\t\t\t\tAgresseur\n\t\t\t<\/h3>\n\t<ol>\n<li>\nIl manque d\u2019estime de soi.\n<\/li>\n<li>\nIl croit tous les mythes au sujet des relations de violence.\n<\/li>\n<li>\nIl a une vision traditionaliste du foyer, c\u2019est-\u00e0-dire qu\u2019il croit \u00e0 la supr\u00e9matie de l\u2019homme et au r\u00f4le masculin st\u00e9r\u00e9otyp\u00e9 au sein de la famille.\n<\/li>\n<li>\nIl bl\u00e2me les autres pour justifier ses gestes.\n<\/li>\n<li>\nIl est pathologiquement jaloux et s\u2019ing\u00e8re dans la vie de sa conjointe.\n<\/li>\n<li>\nIl a une personnalit\u00e9 \u00e0 deux facettes comme le Dr Jekyll et M. Hyde.\n<\/li>\n<li>\nIl r\u00e9agit fortement au stress et s\u2019y adapte en abusant de l\u2019alcool et en maltraitant sa conjointe.\n<\/li>\n<li>\nIl utilise le sexe comme geste d\u2019agression, souvent pour surmonter l\u2019impuissance ou la bisexualit\u00e9.\n<\/li>\n<li>\nIl a souffert de mauvais traitements ou de n\u00e9gligence dans l\u2019enfance.\n<\/li>\n<li>\nIl ne croit pas que ses comportements violents auront des effets n\u00e9gatifs.\n<\/li>\n<\/ol>\n<h1>\n\t\tD\u00e9finitions des types de violence\n\t<\/h1>\n\t<ul>\n\t\t<li><h3>Violence physique<\/h3 ><p>Frapper, bousculer, gifler, donner des coups de pied, \u00e9touffer, utiliser une arme, menacer de blesser.<\/li><li><h3>Agression sexuelle<\/h3 >Forcer une femme \u00e0 avoir des rapports sexuels contre son gr\u00e9, ce qui inclut le contact, les baisers et les attouchements non d\u00e9sir\u00e9s ainsi que les menaces \u00e0 caract\u00e8re sexuel.<\/li><li><h3>Violence psychologique ou \u00e9motionnelle<\/h3 >Prof\u00e9rer des insultes ou des injures, bl\u00e2mer, menacer de se suicider et tenter de contr\u00f4ler les pens\u00e9es, les relations sociales, les activit\u00e9s et le comportement d\u2019une autre personne.<\/li><li><h3>Exploitation financi\u00e8re<\/h3 >Limiter l\u2019acc\u00e8s aux ressources financi\u00e8res, y compris emp\u00eacher une personne \u00e0 se trouver ou garder un emploi.<\/p><\/li>\t<\/ul>\n\t<h3>\n\t\t\t\tLes effets de la violence\n\t\t\t<\/h3>\n\t\t<ul><li>La d\u00e9pression\u00a0<\/li><li>L\u2019anxi\u00e9t\u00e9\u00a0<\/li><li>La confusion\u00a0<\/li><li>Les troubles du sommeil\u00a0<\/li><li>Les pens\u00e9es suicidaires\u00a0<\/li><li>L\u2019abus d\u2019alcool ou de drogues\u00a0<\/li><li>Les crises de peur ou d\u2019anxi\u00e9t\u00e9<\/li><\/ul>\t\n\t<h3>\n\t\t\t\tSi vous connaissez une personne victime de violence\n\t\t\t<\/h3>\n\t\t<ul><li>Offrez-lui votre soutien, \u00e9coutez-la et soyez patiente avec elle.\u00a0<\/li><li>Encouragez-la \u00e0 obtenir de l\u2019aide et \u00e0 se rendre \u00e0 une maison d\u2019h\u00e9bergement.\u00a0<\/li><li>Dites-lui qu\u2019elle ne m\u00e9rite pas de se faire maltraiter \u2013 que ce n\u2019est pas de sa faute.\u00a0<\/li><li>Prenez en note les num\u00e9ros des services d\u2019urgence de votre r\u00e9gion.\u00a0<\/li><li>Pr\u00e9parez un sac d\u2019urgence contenant cl\u00e9s, pi\u00e8ce d\u2019identit\u00e9, documents juridiques, argent et m\u00e9dicaments.\u00a0<\/li><li>Ne prenez que ce que vous pouvez, en toute s\u00e9curit\u00e9!<\/li><\/ul>\t\n","protected":false},"excerpt":{"rendered":"<p>C&rsquo;est un crime La violence faite aux femmes est un crime et elle peut avoir de graves s\u00e9quelles sur les femmes et sur les enfants qui en sont t\u00e9moins. \u00c9laborez un plan de fuite en cas d\u2019urgence Documentez tous les gestes de harc\u00e8lement criminel. Choses \u00e0 faire et \u00e0 ne pas faire pour vous prot\u00e9ger.&hellip;<\/p>\n","protected":false},"author":8,"featured_media":0,"parent":0,"menu_order":0,"comment_status":"closed","ping_status":"open","template":"","meta":{"footnotes":""},"class_list":["post-13301","page","type-page","status-publish","hentry"],"_links":{"self":[{"href":"https:\/\/pavilionwc.com\/fr\/wp-json\/wp\/v2\/pages\/13301","targetHints":{"allow":["GET"]}}],"collection":[{"href":"https:\/\/pavilionwc.com\/fr\/wp-json\/wp\/v2\/pages"}],"about":[{"href":"https:\/\/pavilionwc.com\/fr\/wp-json\/wp\/v2\/types\/page"}],"author":[{"embeddable":true,"href":"https:\/\/pavilionwc.com\/fr\/wp-json\/wp\/v2\/users\/8"}],"replies":[{"embeddable":true,"href":"https:\/\/pavilionwc.com\/fr\/wp-json\/wp\/v2\/comments?post=13301"}],"version-history":[{"count":0,"href":"https:\/\/pavilionwc.com\/fr\/wp-json\/wp\/v2\/pages\/13301\/revisions"}],"wp:attachment":[{"href":"https:\/\/pavilionwc.com\/fr\/wp-json\/wp\/v2\/media?parent=13301"}],"curies":[{"name":"wp","href":"https:\/\/api.w.org\/{rel}","templated":true}]}}