{"id":13296,"date":"2015-07-23T14:33:02","date_gmt":"2015-07-23T14:33:02","guid":{"rendered":"http:\/\/pavilionwc.com\/?page_id=13296"},"modified":"2021-04-19T17:55:47","modified_gmt":"2021-04-19T17:55:47","slug":"safety-first","status":"publish","type":"page","link":"https:\/\/pavilionwc.com\/fr\/health-safety\/safety-first\/","title":{"rendered":"La s\u00e9curit\u00e9 d&rsquo;abord"},"content":{"rendered":"\n\t<h3>Si vous voulez demander au tribunal ou \u00e0 la police de vous prot\u00e9ger, il vous faut documenter les actes dont vous \u00eates victime.<\/h3>\n<h4>Documentez :<\/h4>\n\u00a0tous les incidents de harc\u00e8lement ou des menaces;<br \/>\n\u00a0les sentiments que vous \u00e9prouvez relativement \u00e0 ces incidents;<br \/>\n\u00a0les mesures de protection que vous avez prises.\n<h4><\/h4>\n<h4>Vous pouvez noter ces renseignements dans un journal personnel ou tenir un registre du harc\u00e8lement que vous subissez. Si l\u2019agresseur se trouve pr\u00e8s de la maison d\u2019h\u00e9bergement, les intervenantes peuvent vous le signaler. Pour chaque incident, inscrivez les renseignements suivants\u00a0:<\/h4>\n\u00a0La date et l\u2019heure<br \/>\n\u00a0La description de l\u2019incident<br \/>\n\u00a0Le nom, l\u2019adresse et le num\u00e9ro de t\u00e9l\u00e9phone de tous les t\u00e9moins<br \/>\n\u00a0Si vous avez appel\u00e9 la police\n<h1>\n\t\tChoses \u00e0 faire et \u00e0 ne pas faire pour assurer votre protection\n\t<\/h1>\n\t<h3>\n\t\t\t\tFAIRE\n\t\t\t<\/h3>\n\t<ul>\n\t\t<li>\t\t\t\t\n\t\t<h3>\u00c9VITEZ tout contact avec le harceleur et ne lui r\u00e9pondez plus une fois que vous lui avez dit NON.<\/h3 ><\/li><li>\t\t\t\t\n\t\t<h3>DITES aux personnes qui vous entourent ce qui vous arrive et parlez-leur du sentiment de danger que vous ressentez.<\/h3 ><\/li><li>\t\t\t\t\n\t\t<h3>INSISTEZ pour que personne ne donne votre num\u00e9ro de t\u00e9l\u00e9phone et votre adresse.<\/h3 ><\/li><li>\t\t\t\t\n\t\t<h3>CONSERVEZ tout ce que vous envoie le harceleur et essayez d\u2019enregistrer les messages t\u00e9l\u00e9phoniques.<\/h3 ><\/li><li>\t\t\t\t\n\t\t<h3>TENEZ un registre des contacts, des appels, des lettres et des incidents li\u00e9s au harc\u00e8lement criminel.<\/h3 ><\/li><li>\t\t\t\t\n\t\t<h3>D\u00c9NONCEZ le harc\u00e8lement criminel \u00e0 la police. Ne vous d\u00e9couragez pas si la police ne prend pas les mesures que vous esp\u00e9riez.<\/h3 ><\/li><li>\t\t\t\t\n\t\t<h3>\u00c9coutez de la musique douce.<\/h3 ><\/li>\t<\/ul>\n\t<h3>\n\t\t\t\tDON&rsquo;T\n\t\t\t<\/h3>\n\t<ul>\n\t\t<li>\t\t\t\t\n\t\t<h3>NE FAITES PAS comme si la situation n\u2019existait pas et ne l\u2019ignorez pas.<\/h3 ><\/li><li>\t\t\t\t\n\t\t<h3>NE MINIMISEZ pas et ne sous-estimez pas le danger qui existe.<\/h3 ><\/li>\t<\/ul>\n<h2>\n\t\tM\u00e9fiez-vous de ces types d\u2019hommes.\n\t<\/h2>\n<h3>\n\t\tObservez les comportements qui vous semblent anormaux ou qui vous rendent mal \u00e0 l\u2019aise\n\t<\/h3>\n\t<ul>\n<li>\nLes hommes qui ne vous \u00e9coutent pas, qui font comme si vous n\u2019\u00e9tiez pas l\u00e0 ou qui vous coupent la parole. Ces hommes n\u2019ont aucun respect envers les femmes.\n<\/li>\n<li>\nLes hommes qui s\u2019assoient ou qui se tiennent trop pr\u00e8s de vous, qui vous rendent mal \u00e0 l\u2019aise et qui se r\u00e9jouissent de vous faire sentir ainsi.\n<\/li>\n<li>\nLes hommes qui vous FIXENT DU REGARD D\u2019UN AIR SUP\u00c9RIEUR \u2013 Vous savez \u2013 quand un homme vous d\u00e9visage ou vous abaisse du regard.\n<\/li>\n<li>\nLes hommes qui ne font que ce qu\u2019ils veulent ou qui vous bousculent ou vous retiennent physiquement pour obtenir ce qu\u2019ils veulent.\n<\/li>\n<li>\nLes hommes qui expriment la col\u00e8re ou la violence envers les femmes par la parole (p. ex. Vache, Je vais te tuer\u2026) ou en vous poussant, en vous bousculant ou en vous mordant. Les hommes qui ont une mauvaise attitude \u00e0 l\u2019endroit des femmes (p. ex. Les femmes sont l\u00e0 pour qu\u2019on les regarde, pas pour qu\u2019on les \u00e9coute\u2026).\n<\/li>\n<li>\nLes hommes qui ont une mauvaise attitude \u00e0 l\u2019endroit des femmes (p. ex. Les femmes sont l\u00e0 pour qu\u2019on les regarde, pas pour qu\u2019on les \u00e9coute\u2026 La place d\u2019une femme, c\u2019est dans la cuisine o\u00f9 elle peut servir un homme\u2026).\n<\/li>\n<li>\nLes hommes qui sont extr\u00eamement jaloux ou possessifs \u2013 ces hommes peuvent \u00eatre tr\u00e8s dominateurs.\n<\/li>\n<li>\nLes hommes qui abusent de l\u2019alcool ou des drogues.\n<\/li>\n<li>\nLes hommes qui ont la r\u00e9putation \u00ab d\u2019avoir \u00bb les femmes : ils vous forceront vraisemblablement \u00e0 avoir des rapports sexuels si vous sortez avec eux.\n<\/li>\n<\/ul>\n","protected":false},"excerpt":{"rendered":"<p>Si vous voulez demander au tribunal ou \u00e0 la police de vous prot\u00e9ger, il vous faut documenter les actes dont vous \u00eates victime. Documentez : \u00a0tous les incidents de harc\u00e8lement ou des menaces; \u00a0les sentiments que vous \u00e9prouvez relativement \u00e0 ces incidents; \u00a0les mesures de protection que vous avez prises. Vous pouvez noter ces renseignements&hellip;<\/p>\n","protected":false},"author":8,"featured_media":0,"parent":13291,"menu_order":0,"comment_status":"closed","ping_status":"open","template":"","meta":{"footnotes":""},"class_list":["post-13296","page","type-page","status-publish","hentry"],"_links":{"self":[{"href":"https:\/\/pavilionwc.com\/fr\/wp-json\/wp\/v2\/pages\/13296","targetHints":{"allow":["GET"]}}],"collection":[{"href":"https:\/\/pavilionwc.com\/fr\/wp-json\/wp\/v2\/pages"}],"about":[{"href":"https:\/\/pavilionwc.com\/fr\/wp-json\/wp\/v2\/types\/page"}],"author":[{"embeddable":true,"href":"https:\/\/pavilionwc.com\/fr\/wp-json\/wp\/v2\/users\/8"}],"replies":[{"embeddable":true,"href":"https:\/\/pavilionwc.com\/fr\/wp-json\/wp\/v2\/comments?post=13296"}],"version-history":[{"count":0,"href":"https:\/\/pavilionwc.com\/fr\/wp-json\/wp\/v2\/pages\/13296\/revisions"}],"up":[{"embeddable":true,"href":"https:\/\/pavilionwc.com\/fr\/wp-json\/wp\/v2\/pages\/13291"}],"wp:attachment":[{"href":"https:\/\/pavilionwc.com\/fr\/wp-json\/wp\/v2\/media?parent=13296"}],"curies":[{"name":"wp","href":"https:\/\/api.w.org\/{rel}","templated":true}]}}