{"id":13287,"date":"2015-06-08T13:43:31","date_gmt":"2015-06-08T13:43:31","guid":{"rendered":"http:\/\/pavilionwc.com\/?page_id=13287"},"modified":"2021-04-16T19:00:21","modified_gmt":"2021-04-16T19:00:21","slug":"services-programs","status":"publish","type":"page","link":"https:\/\/pavilionwc.com\/fr\/services-programs\/","title":{"rendered":"Services et programmes"},"content":{"rendered":"\n\t\t<h3>Refuge d\u2019urgence<\/h3>\t\t\n\t\t\tNous offrons un h\u00e9bergement d\u2019urgence de courte dur\u00e9e pour r\u00e9pondre aux besoins des femmes et des enfants qui fuient une relation de violence ou qui se retrouvent dans une situation d\u2019urgence en mati\u00e8re de logement ou toute autre situation de crise.<br \/>\nLe refuge pour dix lits a ouvert ses portes en 1984 afin d&rsquo;offrir un h\u00e9bergement temporaire et s\u00e9curitaire aux femmes de 16 ans et plus avec ou sans enfants en crise. Dans le cadre du Programme de logement r\u00e9sidentiel, les femmes et leurs personnes \u00e0 charge qui ont besoin d&rsquo;un refuge et de services sont notre principale priorit\u00e9.\n\t\t\t\t<img loading=\"lazy\" decoding=\"async\" src=\"http:\/\/pavilionwc.com\/wp-content\/uploads\/image002.jpg\" alt=\"image002\" itemprop=\"image\" height=\"220\" width=\"293\" title=\"image002\" onerror=\"this.style.display='none'\"  \/>\n\t<p>De nouvelles normes de programme provinciales ont \u00e9t\u00e9 introduites en 2015 et les principes directeurs comprennent :<\/p>\n\t\t<h4>Principes directeurs pour les Normes relatives aux maisons d\u2019h\u00e9bergement pour femmes qui ont v\u00e9cu la violence<\/h4>\t\t\n\t<ul>\n\t\t<li>\t\t\t\t\n\t\t<h3><\/h3 ><p>Toutes les femmes, avec ou sans personnes \u00e0 charge, qui ont v\u00e9cu la violence et\/ou des s\u00e9vices auront acc\u00e8s \u00e0 des services d&rsquo;h\u00e9bergement d&rsquo;urgence, sans \u00e9gard \u00e0 leur capacit\u00e9, leur race, leur orientation sexuelle, leurs convictions politiques ou religieuses, leurs ant\u00e9c\u00e9dents ethnoculturels, leur appartenance aux Premi\u00e8res Nations, aux M\u00e9tis ou aux Inuits ou qu&rsquo;elles s&rsquo;identifient comme des femmes bispirituelles, cisgenres ou transgenres.<\/p><\/li><li>\t\t\t\t\n\t\t<h3><\/h3 ><p>Toutes les femmes et leurs personnes \u00e0 charge ont acc\u00e8s \u00e0 des services d&rsquo;h\u00e9bergement d&rsquo;urgence, y compris, mais non de fa\u00e7on limitative, les femmes qui ont des besoins en mati\u00e8re de sant\u00e9 mentale ou qui utilisent des substances.<\/p><\/li><li>\t\t\t\t\n\t\t<h3><\/h3 ><p>Les maisons d&rsquo;h\u00e9bergement se sont engag\u00e9es \u00e0 r\u00e9duire les obstacles qui peuvent emp\u00eacher les femmes et leurs personnes \u00e0 charge d&rsquo;avoir acc\u00e8s \u00e0 des services d&rsquo;h\u00e9bergement d&rsquo;urgence.<\/p><\/li><li>\t\t\t\t\n\t\t<h3><\/h3 ><p>Les services d&rsquo;h\u00e9bergement d&rsquo;urgence sont respectueux de la diversit\u00e9 des femmes et des personnes \u00e0 charge et sont donn\u00e9s dans un environnement inclusif, exempt de discrimination et de harc\u00e8lement.<\/p><\/li><li>\t\t\t\t\n\t\t<h3><\/h3 ><p>Le v\u00e9cu des femmes est valoris\u00e9 et pris en consid\u00e9ration dans le cadre de la prestation des services d&rsquo;h\u00e9bergement d&rsquo;urgence<\/p><\/li>\t<\/ul>\n\t\t<h3>Soutien en cas de crise<\/h3>\t\t\n\t\t\t<p>Les femmes et les enfants qui ont besoin de soutien ou qui vivent une situation de crise peuvent nous appeler, sans frais, 24 heures sur 24 (1 888 871-9090). Notre personnel est attentionn\u00e9 et saura leur donner toutes sortes de renseignements ou, si n\u00e9cessaire, les diriger vers d\u2019autres organismes.<\/p>\n<p>Le Pavilion Centre des femmes offre des services de soutien, individuellement et en groupe, de l&rsquo;accompagnement, de l&rsquo;information, de l&rsquo;aiguillage et de la d\u00e9fense des droits des femmes et des enfants vivant dans la collectivit\u00e9. Une aide au transport peut \u00eatre offerte au besoin. L&rsquo;objectif du programme est d&rsquo;aider les femmes \u00e0 naviguer dans des syst\u00e8mes de services complexes et d\u2019aider les femmes aux prises avec divers probl\u00e8mes comme la violence, le logement, l\u2019\u00e9ducation, l\u2019estime de soi, l\u2019emploi et plus encore. Le personnel est \u00e9galement disponible pour accompagner les femmes \u00e0 leurs rendez-vous comme les comparutions devant les tribunaux, les rendez-vous avec un avocat, la police, etc. Notre approche est ax\u00e9e sur les femmes, ax\u00e9e sur les traumatismes et ax\u00e9e sur l&rsquo;autonomisation des femmes.<\/p>\n\t\t<h3>Transition et soutien au logement<\/h3>\t\t\n\t\t\t<p>Le Programme de transition et de soutien au logement offre des services de soutien \u00e0 court terme et des services de d\u00e9fense des droits aux femmes qui \u00e9tablissent une vie sans violence dans la collectivit\u00e9. En \u00e9troite collaboration avec les organismes de logement, les locateurs et d&rsquo;autres services sociaux, l&rsquo;objectif est d&rsquo;aider les femmes \u00e0 atteindre leurs objectifs.<\/p>\n\t\t<h3>Programme de pr\u00e9vention des agressions sexuelles<\/h3>\t\t\n\t\t\t<p>Ce programme vise \u00e0 offrir des services de counseling individuel et de groupe aux victimes d\u2019agression sexuelle de 16 ans et plus. Gr\u00e2ce au counseling, les femmes sont en mesure d&rsquo;explorer leur violence pass\u00e9e et pr\u00e9sente. De plus, nous offrons des services de counseling de soutien aux victimes d\u2019agressions r\u00e9centes. Dans le cadre de ce programme, nos employ\u00e9es sensibilisent la collectivit\u00e9 aux agressions sexuelles d\u2019une mani\u00e8re s\u00e9curitaire et en tenant compte des traumatismes.<\/p>\n<p>Le Pavilion Centre des femmes offre un programme de soutien aux adultes qui sont survivantes d&rsquo;agressions ou de violence sexuelle r\u00e9cente ou historique qui comprend des services de counseling individuel et de groupe, ainsi que de la sensibilisation du public.<\/p>\n\t\t<h3>Programme d\u2019intervention aupr\u00e8s des enfants t\u00e9moins<\/h3>\t\t\n\t\t\t<p>Nous offrons du soutien aux enfants et \u00e0 leurs m\u00e8res qui sont victimes ou t\u00e9moins de violence lorsqu\u2019ils entrent dans le refuge, et ce, dans le cadre d\u2019activit\u00e9s de sensibilisation. Notre programme de groupe B\u00e2tir des ponts pour les enfants expos\u00e9s \u00e0 la violence conjugale soutient les enfants qui ont \u00e9t\u00e9 expos\u00e9s \u00e0 la violence familiale.<\/p>\n<p>Ce programme de groupe psycho\u00e9ducatif s\u2019adresse aux enfants qui ont \u00e9t\u00e9 t\u00e9moins de violence ou de mauvais traitements envers leur m\u00e8re. Les enfants et les adolescents, \u00e2g\u00e9s de 4 \u00e0 16 ans, se r\u00e9unissent en petits groupes d\u2019\u00e2ge appropri\u00e9s pour discuter des r\u00e9percussions de la violence dont ils ont \u00e9t\u00e9 t\u00e9moins contre leur m\u00e8re. Les m\u00e8res assistent \u00e0 des s\u00e9ances distinctes pour aborder les r\u00e9percussions de la violence sur leurs enfants et sur elles-m\u00eames<\/p>\n\t\t\t\t<img loading=\"lazy\" decoding=\"async\" src=\"http:\/\/pavilionwc.com\/wp-content\/uploads\/image016.jpg\" alt=\"image016\" itemprop=\"image\" height=\"272\" width=\"267\" title=\"image016\" onerror=\"this.style.display='none'\"  \/>\n\t\t\t\t<img loading=\"lazy\" decoding=\"async\" src=\"http:\/\/pavilionwc.com\/wp-content\/uploads\/image015.jpg\" alt=\"image015\" itemprop=\"image\" height=\"205\" width=\"310\" title=\"image015\" onerror=\"this.style.display='none'\"  \/>\n\t\t\t\t<img loading=\"lazy\" decoding=\"async\" src=\"http:\/\/pavilionwc.com\/wp-content\/uploads\/image014.jpg\" alt=\"image014\" itemprop=\"image\" height=\"204\" width=\"308\" title=\"image014\" onerror=\"this.style.display='none'\"  \/>\n\t\t<h3>Programmes d\u2019approche<\/h3>\t\t\n\t\t\t<p>Le Pavilion offre des services d&rsquo;approche aux femmes de la communaut\u00e9 qui vivent des difficult\u00e9s ainsi que des services de suivi aux femmes qui ont quitt\u00e9 le refuge. Des intervenantes d\u2019approche font du counseling de Soutien avec les femmes de plus de 16 ans aux prises avec des probl\u00e8mes. Ces derni\u00e8res peuvent, entre autres, avoir besoin d\u2019aide pour obtenir des renseignements sur l\u2019emploi, le logement, l\u2019\u00e9ducation, l\u2019estime de soi et la violence conjugale. Enfin, les intervenantes peuvent accompagner les clientes \u00e0 des rendez-vous tels que des comparutions devant le tribunal, des rencontres avec une avocate ou un avocat, la police, etc.<\/p>\n\t\t<h3>Projets de sensibilisation publique<\/h3>\t\t\n\t\t\t<p>Nous sensibilisons la collectivit\u00e9 lors de diff\u00e9rentes activit\u00e9s en soulignant, entre autres, la Journ\u00e9e internationale des femmes, la Journ\u00e9e internationale de l\u2019enfant, le mois de la pr\u00e9vention des agressions sexuelles (mai), le mois de la sensibilisation et de la pr\u00e9vention des mauvais traitements inflig\u00e9s aux personnes \u00e2g\u00e9es (juin), le mois de la pr\u00e9vention de la violence conjugale (novembre) et la comm\u00e9moration du 6 d\u00e9cembre rendant hommage aux femmes qui ont perdu la vie lors du massacre de Montr\u00e9al.<\/p>\n<h2>\n\t\tVous avez besoin d\u2019un h\u00e9bergement d\u2019urgence?\n\t<\/h2>\n\t<h2 data-fontsize=\"26\" data-lineheight=\"27\">De conseils et de soutien?<\/h2>\n<h2 data-fontsize=\"26\" data-lineheight=\"27\">De renseignements et de formation?<\/h2>\n<h2 data-fontsize=\"26\" data-lineheight=\"27\">Laissez-nous vous aider.<\/h2>\n<h2 data-fontsize=\"26\" data-lineheight=\"27\">T\u00e9l\u00e9phonez, sans frais, \u00e0 notre ligne de soutien : 1 888 871-9090<\/h2>\n\t<ul>\n\t\t<li>\t\t\t\t\n\t\tService t\u00e9l\u00e9phonique sans frais offert jour et nuit<\/li><li>\t\t\t\t\n\t\tH\u00e9bergement de courte dur\u00e9e pour les femmes et les enfants<\/li><li>\t\t\t\t\n\t\tSoutien individuel et de groupe pour les femmes et les enfants<\/li><li>\t\t\t\t\n\t\tCounseling pour les victimes d\u2019agression sexuelle de plus de 16 ans<\/li><li>\t\t\t\t\n\t\tSoutien aux personnes \u00e2g\u00e9es victimes de mauvais traitements<\/li><li>\t\t\t\t\n\t\tSensibilisation publique et renseignements<\/li><li>\t\t\t\t\n\t\tSoutien et intervention<\/li><li>\t\t\t\t\n\t\tInformation et recommandations<\/li><li>\t\t\t\t\n\t\tAccompagnement (tribunal, avocat, police, etc.)<\/li>\t<\/ul>\n","protected":false},"excerpt":{"rendered":"<p>Refuge d\u2019urgence Nous offrons un h\u00e9bergement d\u2019urgence de courte dur\u00e9e pour r\u00e9pondre aux besoins des femmes et des enfants qui fuient une relation de violence ou qui se retrouvent dans une situation d\u2019urgence en mati\u00e8re de logement ou toute autre situation de crise. Le refuge pour dix lits a ouvert ses portes en 1984 afin&hellip;<\/p>\n","protected":false},"author":8,"featured_media":0,"parent":0,"menu_order":0,"comment_status":"closed","ping_status":"open","template":"","meta":{"footnotes":""},"class_list":["post-13287","page","type-page","status-publish","hentry"],"_links":{"self":[{"href":"https:\/\/pavilionwc.com\/fr\/wp-json\/wp\/v2\/pages\/13287","targetHints":{"allow":["GET"]}}],"collection":[{"href":"https:\/\/pavilionwc.com\/fr\/wp-json\/wp\/v2\/pages"}],"about":[{"href":"https:\/\/pavilionwc.com\/fr\/wp-json\/wp\/v2\/types\/page"}],"author":[{"embeddable":true,"href":"https:\/\/pavilionwc.com\/fr\/wp-json\/wp\/v2\/users\/8"}],"replies":[{"embeddable":true,"href":"https:\/\/pavilionwc.com\/fr\/wp-json\/wp\/v2\/comments?post=13287"}],"version-history":[{"count":0,"href":"https:\/\/pavilionwc.com\/fr\/wp-json\/wp\/v2\/pages\/13287\/revisions"}],"wp:attachment":[{"href":"https:\/\/pavilionwc.com\/fr\/wp-json\/wp\/v2\/media?parent=13287"}],"curies":[{"name":"wp","href":"https:\/\/api.w.org\/{rel}","templated":true}]}}