{"id":13275,"date":"2015-06-08T13:43:05","date_gmt":"2015-06-08T13:43:05","guid":{"rendered":"http:\/\/pavilionwc.com\/?page_id=13275"},"modified":"2021-04-16T18:54:13","modified_gmt":"2021-04-16T18:54:13","slug":"facts","status":"publish","type":"page","link":"https:\/\/pavilionwc.com\/fr\/facts\/","title":{"rendered":"Faits"},"content":{"rendered":"\n\t\t<h2>0%<\/h2>\n\t<p>de toutes les Canadiennes (de 16 ans ou plus) ont \u00e9t\u00e9 victimes d\u2019au moins un acte de violence.<\/p>\n\t\t<h2>0%<\/h2>\n\t<p>d\u2019entre elles ont signal\u00e9 que l\u2019acte de violence avait \u00e9t\u00e9 commis par un partenaire actuel ou par un ancien partenaire.<\/p>\n\t\t<h2>0%<\/h2>\n\t<p>des blessures n\u00e9cessitent des soins m\u00e9dicaux.<\/p>\n\t\t<h2>0x<\/h2>\n\t<p>plus de femmes subissent des blessures aux mains de leur partenaire que dans les accidents de la route.<\/p>\n\t\t<h2>0%<\/h2>\n\t<p>de ces femmes ont d\u00e9clar\u00e9 avoir \u00e9t\u00e9 victimes de violence de la part d\u2019hommes qu\u2019elles connaissaient.<\/p>\n\t\t<h2>0%<\/h2>\n\t<p>des agressions entra\u00eenent une blessure.<\/p>\n\t\t<h2>0 in 6<\/h2>\n\t<p>une femme enceinte sur six est victime de mauvais traitements.<\/p>\n\t\t<h2>0- 8%<\/h2>\n\t<p>des visites \u00e0 l&rsquo;urgence par des femmes sont li\u00e9es \u00e0 la violence.<\/p>\n","protected":false},"excerpt":{"rendered":"<p>0% de toutes les Canadiennes (de 16 ans ou plus) ont \u00e9t\u00e9 victimes d\u2019au moins un acte de violence. 0% d\u2019entre elles ont signal\u00e9 que l\u2019acte de violence avait \u00e9t\u00e9 commis par un partenaire actuel ou par un ancien partenaire. 0% des blessures n\u00e9cessitent des soins m\u00e9dicaux. 0x plus de femmes subissent des blessures aux&hellip;<\/p>\n","protected":false},"author":8,"featured_media":0,"parent":0,"menu_order":0,"comment_status":"closed","ping_status":"open","template":"","meta":{"footnotes":""},"class_list":["post-13275","page","type-page","status-publish","hentry"],"_links":{"self":[{"href":"https:\/\/pavilionwc.com\/fr\/wp-json\/wp\/v2\/pages\/13275","targetHints":{"allow":["GET"]}}],"collection":[{"href":"https:\/\/pavilionwc.com\/fr\/wp-json\/wp\/v2\/pages"}],"about":[{"href":"https:\/\/pavilionwc.com\/fr\/wp-json\/wp\/v2\/types\/page"}],"author":[{"embeddable":true,"href":"https:\/\/pavilionwc.com\/fr\/wp-json\/wp\/v2\/users\/8"}],"replies":[{"embeddable":true,"href":"https:\/\/pavilionwc.com\/fr\/wp-json\/wp\/v2\/comments?post=13275"}],"version-history":[{"count":0,"href":"https:\/\/pavilionwc.com\/fr\/wp-json\/wp\/v2\/pages\/13275\/revisions"}],"wp:attachment":[{"href":"https:\/\/pavilionwc.com\/fr\/wp-json\/wp\/v2\/media?parent=13275"}],"curies":[{"name":"wp","href":"https:\/\/api.w.org\/{rel}","templated":true}]}}