{"id":13240,"date":"2014-10-11T14:22:51","date_gmt":"2014-10-11T18:22:51","guid":{"rendered":"http:\/\/pavilionwc.com\/?page_id=13240"},"modified":"2024-04-08T15:21:42","modified_gmt":"2024-04-08T15:21:42","slug":"home-2","status":"publish","type":"page","link":"https:\/\/pavilionwc.com\/fr\/","title":{"rendered":"Home"},"content":{"rendered":"\n\n\t<h3>Connecte-toi avec nous<\/h3>\nNotre service de chat en ligne est disponible 7j\/7 \u00e0 partir de :<br \/>\n15h00 \u00e0 19h00 et 19h30 \u00e0 21h00<br \/>\nVos conversations avec nos conseillers sont confidentielles et s\u00e9curis\u00e9es.\n<h3>Comment \u00e7a fonctionne<\/h3>\n<p>Vous pouvez discuter en ligne avec nous. Nous sommes l\u00e0 pour vous. Nos conseillers qualifi\u00e9s vous apporteront du soutien, des informations, des ressources et des id\u00e9es de planification de s\u00e9curit\u00e9.<\/p>\n\t\t\t<a href=\"https:\/\/pavilionwc.com\/fr\/contact-us\/\" target=\"_self\" rel=\"noopener\">\n\t\t\t\t\t\tCHATTER EN LIGNE MAINTENANT\n\t\t\t\t\t<\/a>\n<h2>\n\t\tPortail d&rsquo;acc\u00e8s client\n\t<\/h2>\n\t<p>Bienvenue sur le portail d&rsquo;acc\u00e8s au formulaire en ligne du Pavilion Women&rsquo;s Centre.<\/p>\n<p>Veuillez vous r\u00e9f\u00e9rer aux liens ci-dessous \u00e0 la demande de votre conseiller pour remplir un consentement en ligne pour les services virtuels et\/ou un consentement \u00e0 la divulgation d&rsquo;informations.<\/p>\n<p>Ces formulaires peuvent \u00eatre remplis dans le navigateur et une fois termin\u00e9s\/soumis, ils sont crypt\u00e9s et envoy\u00e9s dans une bo\u00eete de r\u00e9ception s\u00fbre et s\u00e9curis\u00e9e o\u00f9 le personnel peut acc\u00e9der et ajouter des \u00e9l\u00e9ments \u00e0 votre dossier client. Si vous pr\u00e9f\u00e9rez remplir un formulaire en personne au Pavillon, veuillez contacter votre conseiller afin que des dispositions puissent \u00eatre prises.<\/p>\n<strong>Veuillez noter que le fait de remplir\/soumettre ces formulaires ne constitue <em>PAS<\/em> une r\u00e9f\u00e9rence \u00e0 des services.<br \/>\n<\/strong>\n\t<p>Veuillez noter que le fait de remplir\/soumettre ces formulaires ne constitue pas une r\u00e9f\u00e9rence aux services. Les auto-r\u00e9f\u00e9rences et r\u00e9f\u00e9rences peuvent \u00eatre effectu\u00e9es par t\u00e9l\u00e9phone \u00e0 :<\/p>\n<h3>\n\t\t1-888-871-9090 or <br \/>705-672-2128 or<br \/>705-567-1777\n\t<\/h3>\n<h2>\n\t\tConsentement aux<br \/>services virtuels :\n\t<\/h2>\n\t\t\t<a href=\"https:\/\/hipaa.jotform.com\/210415205690244\" target=\"_blank\" rel=\"noopener\">\n\t\t\t\t\t\t\tClickez-ici\n\t\t\t\t\t<\/a>\n<h2>\n\t\tConsentement pour l&rsquo;acquisition<br \/>et\/ou la divulgation d&rsquo;informations :\n\t<\/h2>\n\t\t\t<a href=\"https:\/\/hipaa.jotform.com\/210406184188252\" target=\"_blank\" rel=\"noopener\">\n\t\t\t\t\t\t\tClickez-ici\n\t\t\t\t\t<\/a>\n\t<h2>\n\t\t\t\tNotre Vision\n\t\t\t<\/h2>\n\t\t\t<p>\u00catre le premier lieu auquel les gens pensent, pour que les femmes s&rsquo;autonomisent.<\/p>\t\n\t<h2>\n\t\t\t\tNous croyons aux femmes\u2028et nous appr\u00e9cions :\n\t\t\t<\/h2>\n\t\t\t<p>La s\u00e9curit\u00e9<br \/>\u2028La confidentialit\u00e9<br \/>\u2028L&rsquo;acceptation<br \/>\u2028L&#8217;empathie<br \/>\u2028La gu\u00e9rison<\/p>\t\n\t<h2>\n\t\t\t\tNotre mission\n\t\t\t<\/h2>\n\t\t\t<p>Nous offrons les services suivants :<\/p>\t\n\t\t<h3>Un refuge d&rsquo;urgence pour les femmes et leurs enfants.<\/h3>\t\n\t\t<h3>Un soutien en cas de crise et du counseling continu pour les femmes ayant v\u00e9cu une exp\u00e9rience de :<\/h3>Violence conjugale<br \/>\nAgression sexuelle<br \/>\nMauvais traitements survenus dans le pass\u00e9<br \/>\nAutres formes de violence contre les femmes\n\t\t<h3>Soutien transitoire pour donner aux femmes les moyens de se b\u00e2tir un avenir s\u00fbr et prosp\u00e8re.<\/h3>\t\n\t\t<h3>Soutien aux enfants t\u00e9moins.<\/h3>\t\n\t<h2>\n\t\t\t\tProjets sp\u00e9ciaux et collecte de fonds\n\t\t\t<\/h2>\n\t\t\t\t<img decoding=\"async\" src=\"https:\/\/pavilionwc.com\/wp-content\/uploads\/image017.jpg\" alt=\"image017\" itemprop=\"image\" title=\"image017\" onerror=\"this.style.display='none'\"  \/>\n<h3>Tampons et brosses \u00e0 dents<\/h3><p>Le Pavilion a organis\u00e9 des campagnes de collecte de produits d&rsquo;hygi\u00e8ne personnelle et veille \u00e0 ce qu&rsquo;ils soient distribu\u00e9s dans toute la collectivit\u00e9 afin qu&rsquo;ils soient accessibles aux adolescentes et aux femmes qui en ont besoin alors que nous travaillons \u00e0 mettre fin \u00e0 la \u00ab\u00a0p\u00e9riode\u00a0\u00bb de pauvret\u00e9.<\/p>\n\t\t\t\t<img decoding=\"async\" src=\"https:\/\/pavilionwc.com\/wp-content\/uploads\/pavilion-donations-2.jpg\" alt=\"Volunteers working with food and clothes in community charity do\" itemprop=\"image\" title=\"Volunteers working with food and clothes in community charity do\" onerror=\"this.style.display='none'\"  \/>\n<h3>Les dons<\/h3><p>Si vous d\u00e9sirez faire don d&rsquo;articles usag\u00e9s \u00e0 des femmes dans le besoin, veuillez d&rsquo;abord communiquer avec le refuge. Nous avons tr\u00e8s peu d&rsquo;espace de rangement dans le refuge. Nous allons tendre la main aux femmes que nous servons et essayer de mettre vos articles entre les mains des femmes et des enfants qui en ont besoin. Comme toujours, nous remercions notre communaut\u00e9 pour sa g\u00e9n\u00e9rosit\u00e9.\u00a0<strong>En raison de la COVID-19, les dons peuvent \u00eatre mis en attente selon le statut du refuge. Veuillez appeler \u00e0 l&rsquo;avance.<\/strong><\/p>\n\t\t\t\t<img decoding=\"async\" src=\"https:\/\/pavilionwc.com\/wp-content\/uploads\/pavilion-purple-scarf-ties-wrapped-in-courage-1.jpg\" alt=\"Smooth purple transparent cloth isolated on white background. Texture of flying fabric.\" itemprop=\"image\" title=\"Smooth purple transparent cloth isolated on white background.\" onerror=\"this.style.display='none'\"  \/>\n<h3>V\u00eatue de courage<\/h3><p>Chaque ann\u00e9e, en novembre, le Pavilion Centre des femmes participe \u00e0 un \u00e9v\u00e9nement \u00e0 l&rsquo;\u00e9chelle de la province intitul\u00e9 V\u00eatue de courage. Le centre recueille des fonds et sensibilise la population \u00e0 la violence faite aux femmes gr\u00e2ce \u00e0 la vente de foulards et de cravates violettes.<\/p>\n\t\t\t\t<a href=\"https:\/\/femaide.ca\/\" target=\"_self\" itemprop=\"url\" rel=\"noopener\">\n\t\t\t\t<img decoding=\"async\" src=\"http:\/\/pavilionwc.com\/wp-content\/uploads\/download.png\" alt=\"download\" itemprop=\"image\" title=\"download\" onerror=\"this.style.display='none'\"  \/>\n\t\t\t\t<\/a>\n<h3><a href=\"https:\/\/femaide.ca\/\" target=\"_self\" rel=\"noopener\">Ressources Francophones<\/a><\/h3><p>Fem&rsquo;aide offre aux femmes d&rsquo;expression fran\u00e7aise aux prises avec la violence sexiste, du soutien, des renseignements et de l&rsquo;aiguillage vers les services appropri\u00e9s dans leur collectivit\u00e9, 24 heures par jour,\u00a07 jours par semaine. Fem&rsquo;aide peut \u00e9galement r\u00e9pondre aux demandes de renseignements faites par les proches des femmes victimes de violence.<\/p>\n<p>Fem&rsquo;aide concentre son intervention aupr\u00e8s des femmes ayant subi de la violence dans une relation intime ou encore une agression \u00e0 caract\u00e8re sexuel.<\/p>\n\n","protected":false},"excerpt":{"rendered":"<p>Connecte-toi avec nous Notre service de chat en ligne est disponible 7j\/7 \u00e0 partir de : 15h00 \u00e0 19h00 et 19h30 \u00e0 21h00 Vos conversations avec nos conseillers sont confidentielles et s\u00e9curis\u00e9es. Comment \u00e7a fonctionne Vous pouvez discuter en ligne avec nous. Nous sommes l\u00e0 pour vous. Nos conseillers qualifi\u00e9s vous apporteront du soutien, des&hellip;<\/p>\n","protected":false},"author":8,"featured_media":0,"parent":0,"menu_order":0,"comment_status":"closed","ping_status":"open","template":"","meta":{"footnotes":""},"class_list":["post-13240","page","type-page","status-publish","hentry"],"_links":{"self":[{"href":"https:\/\/pavilionwc.com\/fr\/wp-json\/wp\/v2\/pages\/13240","targetHints":{"allow":["GET"]}}],"collection":[{"href":"https:\/\/pavilionwc.com\/fr\/wp-json\/wp\/v2\/pages"}],"about":[{"href":"https:\/\/pavilionwc.com\/fr\/wp-json\/wp\/v2\/types\/page"}],"author":[{"embeddable":true,"href":"https:\/\/pavilionwc.com\/fr\/wp-json\/wp\/v2\/users\/8"}],"replies":[{"embeddable":true,"href":"https:\/\/pavilionwc.com\/fr\/wp-json\/wp\/v2\/comments?post=13240"}],"version-history":[{"count":0,"href":"https:\/\/pavilionwc.com\/fr\/wp-json\/wp\/v2\/pages\/13240\/revisions"}],"wp:attachment":[{"href":"https:\/\/pavilionwc.com\/fr\/wp-json\/wp\/v2\/media?parent=13240"}],"curies":[{"name":"wp","href":"https:\/\/api.w.org\/{rel}","templated":true}]}}